{"id":8506,"date":"2020-03-27T18:42:07","date_gmt":"2020-03-27T23:42:07","guid":{"rendered":"https:\/\/whizbizkids.com\/?page_id=8506"},"modified":"2020-05-28T10:47:48","modified_gmt":"2020-05-28T15:47:48","slug":"papas","status":"publish","type":"page","link":"https:\/\/whizbizkids.com\/es\/papas\/","title":{"rendered":"Pap\u00e1s"},"content":{"rendered":"<p>[vc_row][vc_column][vc_column_text]<img loading=\"lazy\" class=\"wp-image-7555 size-medium alignleft\" src=\"https:\/\/whizbizkids.com\/wp-content\/uploads\/2016\/12\/IMG_5378-e148700911439-225x300.jpg\" width=\"225\" height=\"300\" srcset=\"https:\/\/whizbizkids.com\/wp-content\/uploads\/2016\/12\/IMG_5378-e148700911439-225x300.jpg 225w, https:\/\/whizbizkids.com\/wp-content\/uploads\/2016\/12\/IMG_5378-e148700911439-600x800.jpg 600w, https:\/\/whizbizkids.com\/wp-content\/uploads\/2016\/12\/IMG_5378-e148700911439-768x1024.jpg 768w, https:\/\/whizbizkids.com\/wp-content\/uploads\/2016\/12\/IMG_5378-e148700911439-1180x1573.jpg 1180w\" sizes=\"(max-width: 225px) 100vw, 225px\" \/>Los padres de familia pueden reforzar las habilidades empresariales y de vida diaria que los ni\u00f1os aprenden a partir del programa Whiz Biz Kids. Whiz Biz Kids ofrece talleres para padres de familia, con recursos aprobados y gran variedad de temas relacionados con la educaci\u00f3n financiera para ni\u00f1os.<\/p>\n<p>Estas son algunas de las tem\u00e1ticas que son importantes reforzar con los ni\u00f1os acerca de la educaci\u00f3n financiera.<\/p>\n<ul>\n<li>Habilidades empresariales<\/li>\n<li>Integridad<\/li>\n<li>Liderazgo<\/li>\n<li>Habilidades de comunicaci\u00f3n<\/li>\n<li>Capacidad de reconocer las aportaciones de los otros<\/li>\n<li>Responsabilidad<\/li>\n<li>Resoluci\u00f3n de problemas<\/li>\n<\/ul>\n<p>[\/vc_column_text][\/vc_column][\/vc_row][vc_row][vc_column][vc_empty_space]<div class=\"nicdark_masonry_container 0\">\r\n\r\n\t\t<div style=\"box-sizing:border-box;\" class=\"grid grid_4 percentage nicdark_padding10 nicdark_masonry_item  parent-resources\">\r\n\t\t\t\r\n\r\n\t\t\t\t<div class=\"nicdark_archive1 nicdark_bg_orange nicdark_radius nicdark_shadow\">  \r\n\r\n\t\t\t\t\t\r\n\t\t\t\t\t                    \r\n                    <div class=\"nicdark_margin20 nicdark_post_archive\">\r\n                        <h4 class=\"white\">Milenialls en el \u00e1mbito laboral<\/h4>\r\n                        <div class=\"nicdark_space20\"><\/div>\r\n                        <div class=\"nicdark_divider left small\"><span class=\"nicdark_bg_white nicdark_radius\"><\/span><\/div>\r\n                        <div class=\"nicdark_space20\"><\/div>\r\n                        <p class=\"white\">Una de las principales razones por la cual los ni\u00f1os actualmente han desarrollado una mentalidad de merecerlo todo es debido a que sus padres suelen simplificarles las experiencias. Enfrentarlos a experimentar las consecuencias naturales de haber olvidado la tarea ...<\/p>\r\n                        <div class=\"nicdark_space20\"><\/div>\r\n                        <a href=\"https:\/\/whizbizkids.com\/es\/millennials-in-the-workplace\/\" class=\"white nicdark_btn\"><i class=\"icon-doc-text-1\"><\/i>Read More<\/a>                        \r\n                    <\/div>\r\n\r\n                    <i class=\"icon-pencil-1 nicdark_iconbg right medium orange\"><\/i>\r\n\r\n                <\/div>\r\n\r\n\t\t\t\r\n\t\t<\/div>\r\n\r\n      <\/div>[\/vc_column][\/vc_row]<\/p>","protected":false},"excerpt":{"rendered":"<p>[vc_row][vc_column][vc_column_text]Los padres de familia pueden reforzar las habilidades empresariales y de vida diaria que los ni\u00f1os aprenden a partir del programa Whiz Biz Kids. Whiz Biz Kids ofrece talleres para padres de familia, con recursos aprobados y gran variedad de temas relacionados con la educaci\u00f3n financiera para ni\u00f1os. Estas son algunas de las tem\u00e1ticas que &#8230;<\/p>","protected":false},"author":21,"featured_media":0,"parent":0,"menu_order":0,"comment_status":"closed","ping_status":"closed","template":"","meta":[],"_links":{"self":[{"href":"https:\/\/whizbizkids.com\/es\/wp-json\/wp\/v2\/pages\/8506"}],"collection":[{"href":"https:\/\/whizbizkids.com\/es\/wp-json\/wp\/v2\/pages"}],"about":[{"href":"https:\/\/whizbizkids.com\/es\/wp-json\/wp\/v2\/types\/page"}],"author":[{"embeddable":true,"href":"https:\/\/whizbizkids.com\/es\/wp-json\/wp\/v2\/users\/21"}],"replies":[{"embeddable":true,"href":"https:\/\/whizbizkids.com\/es\/wp-json\/wp\/v2\/comments?post=8506"}],"version-history":[{"count":3,"href":"https:\/\/whizbizkids.com\/es\/wp-json\/wp\/v2\/pages\/8506\/revisions"}],"predecessor-version":[{"id":8567,"href":"https:\/\/whizbizkids.com\/es\/wp-json\/wp\/v2\/pages\/8506\/revisions\/8567"}],"wp:attachment":[{"href":"https:\/\/whizbizkids.com\/es\/wp-json\/wp\/v2\/media?parent=8506"}],"curies":[{"name":"wp","href":"https:\/\/api.w.org\/{rel}","templated":true}]}}