{"id":8491,"date":"2020-03-27T18:25:12","date_gmt":"2020-03-27T23:25:12","guid":{"rendered":"https:\/\/whizbizkids.com\/?page_id=8491"},"modified":"2020-03-27T18:25:12","modified_gmt":"2020-03-27T23:25:12","slug":"campamentos","status":"publish","type":"page","link":"https:\/\/whizbizkids.com\/es\/campamentos\/","title":{"rendered":"Campamentos"},"content":{"rendered":"<p>[vc_row][vc_column][vc_empty_space height=&#8221;20px&#8221;]<h1 style=\"color:#8e6b96;\" class=\"subtitle left\">Un proyecto para que los ni\u00f1os hagan sus sue\u00f1os realidad.<\/h1>[vc_empty_space height=&#8221;20px&#8221;][vc_row_inner][vc_column_inner width=&#8221;2\/3&#8243;][vc_video link=&#8221;https:\/\/vimeo.com\/215074556&#8243;][\/vc_column_inner][vc_column_inner width=&#8221;1\/3&#8243;][vc_column_text]<\/p>\n<p class=\"gmail_default\"><span style=\"color: #003366;\"><strong>En los campamentos de verano de WhizBizKids brindamos a los ni\u00f1os un lugar fuera del \u00e1mbito escolar y de casa para ambicionar sus sue\u00f1os y desarrollar destrezas para la vida diaria, como, por ejemplo:<\/strong><\/span><\/p>\n<ul>\n<li class=\"gmail_default\"><span style=\"color: #a4a4a4;\">Habilidad para hablar en p\u00fablico. Y abrir una cuenta de ahorros y aprender el valor del dinero y c\u00f3mo invertirlo<\/span><\/li>\n<li class=\"gmail_default\"><span style=\"color: #a4a4a4;\">Ser parte de una comunidad con ni\u00f1os de una mentalidad similar y con mentores solidarios.<\/span><\/li>\n<li class=\"gmail_default\"><span style=\"color: #a4a4a4;\">Desarrollar el sentido del negocio para poder alcanzar sus metas al emprender proyectos empresariales.<\/span><\/li>\n<li class=\"gmail_default\"><span style=\"color: #a4a4a4;\">Recibir consejer\u00eda por parte de mentores exitosos en el \u00e1mbito empresarial, quienes son due\u00f1os de sus propios negocios.<\/span><\/li>\n<li class=\"gmail_default\"><span style=\"color: #a4a4a4;\">Tener acceso a una educaci\u00f3n diversa en temas financieros, de negocios y acerca de la iniciativa empresarial<\/span><\/li>\n<li class=\"gmail_default\"><span style=\"color: #a4a4a4;\">Aprender a asumir responsabilidades, a ser \u00edntegros al tomar decisiones y a mantener su palabra.<\/span><\/li>\n<li class=\"gmail_default\"><span style=\"color: #a4a4a4;\">Ampliar su capacidad de liderazgo, brind\u00e1ndoles a ellos mismo y a otros la oportunidad de destacar por su trabajo.<\/span><\/li>\n<\/ul>\n<p>[\/vc_column_text][vc_empty_space height=&#8221;15px&#8221;][vc_btn title=&#8221;Register for Whiz Biz Kids Camp today!&#8221; color=&#8221;primary&#8221; align=&#8221;center&#8221; i_icon_fontawesome=&#8221;fa fa-calendar-check-o&#8221; button_block=&#8221;true&#8221; add_icon=&#8221;true&#8221; link=&#8221;url:https%3A%2F%2Fwhiz-biz-kids.jumbula.com%2F%23%2Fabout-us||target:%20_blank|&#8221;][\/vc_column_inner][\/vc_row_inner][vc_row_inner][vc_column_inner][\/vc_column_inner][\/vc_row_inner][\/vc_column][\/vc_row][vc_row css=&#8221;.vc_custom_1422890646455{margin-top: 60px !important;margin-bottom: 30px !important;}&#8221; idsection=&#8221;class-row-teachers&#8221;][vc_column]<h1 style=\"color:;\" class=\"subtitle center\">\u00a1Ubicaciones de campamentos al noroeste de Austin!<\/h1>[vc_empty_space height=&#8221;20px&#8221;]<div class=\"nicdark_divider  center big\"><span style=\"background-color:#edbf47;\" class=\"nicdark_radius\"><\/span><\/div>[vc_empty_space height=&#8221;20px&#8221;][vc_column_text]<\/p>\n<div class=\"wpb_text_column wpb_content_element\">Campamentos de 5 d\u00edas - Lunes a Viernes, 9:00 am - 3:30pm (Cuidado extendido disponible)<\/div>\n<div class=\"wpb_text_column wpb_content_element\">\n<div class=\"wpb_wrapper\">\n<p>\u00c9sta experiencia divertida e interactiva esta disponible a ni\u00f1os y adolescentes entre 8 y 16 a\u00f1os de edad.<\/p>\n<p>Lunch y snacks para ni\u00f1os <strong>inclu\u00eddos<\/strong> en el costo del campamento.<\/p>\n<\/div>\n<\/div>\n<div class=\"wpb_text_column wpb_content_element\">\n<div class=\"wpb_wrapper\">\n<p>Cost: $380<\/p>\n<\/div>\n<\/div>\n<p>[\/vc_column_text][vc_empty_space height=&#8221;20px&#8221;][vc_column_text]*Need to drop off early or pick up late? \u00a0We have extended care\u00a0&#8211; drop off at 8:00 and pick up at 5:00 for an extra $10 a day\u00a0or $50 for the week*[\/vc_column_text][vc_empty_space height=&#8221;20px&#8221;][vc_column_text]<em>Entendemos que pueden ocurrir cambios en la programaci\u00f3n. Los reembolsos de matr\u00edcula se otorgan menos la mitad del dep\u00f3sito si la cancelaci\u00f3n se recibe por escrito por correo electr\u00f3nico, tres semanas antes.<\/em><em>\u00a0del comienzo<\/em><em>del campamento al cual<\/em><em>se hab\u00edan inscrito. La matr\u00edcula se puede transferir a otra sesi\u00f3n o temporada.\u00a0<\/em><em>Favor de permitirnos dos semanas para procesar su reembolso.<\/em>[\/vc_column_text][\/vc_column][\/vc_row][vc_row el_class=&#8221;camps-menu&#8221;][vc_column width=&#8221;1\/6&#8243; el_class=&#8221;camps-menu&#8221;][vc_btn title=&#8221;2020 Registration Now Open!&#8221; color=&#8221;success&#8221; align=&#8221;center&#8221; link=&#8221;url:https%3A%2F%2Fwhiz-biz-kids.jumbula.com%2F%23%2Fabout-us||target:%20_blank|&#8221;][\/vc_column][vc_column width=&#8221;1\/6&#8243; el_class=&#8221;camps-menu&#8221;][vc_btn title=&#8221;How Camp Works&#8221; color=&#8221;success&#8221; align=&#8221;center&#8221; link=&#8221;url:https%3A%2F%2Fwhizbizkids.com%2Fhow-it-works%2F||&#8221;][\/vc_column][vc_column width=&#8221;1\/6&#8243; el_class=&#8221;camps-menu&#8221;][vc_btn title=&#8221;What Your Kids\/Teens Get&#8221; color=&#8221;success&#8221; align=&#8221;center&#8221; link=&#8221;url:https%3A%2F%2Fwhizbizkids.com%2Fwhat-your-kids-teens-get%2F||&#8221;][\/vc_column][vc_column width=&#8221;1\/6&#8243; el_class=&#8221;camps-menu&#8221;][vc_btn title=&#8221;What You, Parents Get&#8221; color=&#8221;success&#8221; align=&#8221;center&#8221; link=&#8221;url:https%3A%2F%2Fwhizbizkids.com%2Fwhat-you-the-parents-get%2F||&#8221;][\/vc_column][vc_column width=&#8221;1\/6&#8243; el_class=&#8221;camps-menu&#8221;][vc_btn title=&#8221;About Piranha Pit&#8221; color=&#8221;success&#8221; align=&#8221;center&#8221; link=&#8221;url:https%3A%2F%2Fwhizbizkids.com%2Fpiranha-pit%2F||&#8221;][\/vc_column][vc_column width=&#8221;1\/6&#8243; el_class=&#8221;camps-menu&#8221;][vc_btn title=&#8221;Frequently Asked Questions&#8221; color=&#8221;success&#8221; align=&#8221;center&#8221; link=&#8221;url:https%3A%2F%2Fwhizbizkids.com%2Ffrequently-asked-questions%2F||&#8221;][\/vc_column][\/vc_row][vc_row][vc_column][vc_empty_space height=&#8221;20px&#8221;][vc_column_text]<span style=\"font-weight: 400;\">\u00a1Reg\u00edstrate para un campamento Whiz Biz Kids hoy! Durante el campamento de una semana, su hijo comenzar\u00e1 un negocio, <\/span><span style=\"font-weight: 400;\">lo presentar\u00e1 a los inversores, crear\u00e1 productos, vender\u00e1 sus productos y conservar\u00e1 las ganancias. Esta experiencia comercial de la vida real permite a los ni\u00f1os aprender los conceptos b\u00e1sicos de c\u00f3mo funciona el dinero. En solo unos d\u00edas, observe c\u00f3mo su hijo desarrolla habilidades de liderazgo, trabajo en equipo e integridad.<\/span><\/p>\n<p>&nbsp;<\/p>\n<p><strong>\u00a1Invierta en el futuro de su hijo!<\/strong>[\/vc_column_text][vc_empty_space height=&#8221;25px&#8221;]<div class=\"nicdark_divider  left big\"><span style=\"background-color:#edbf47;\" class=\"nicdark_radius\"><\/span><\/div>[\/vc_column][\/vc_row][vc_row][vc_column el_class=&#8221;camps-title&#8221;][vc_empty_space height=&#8221;50px&#8221;][vc_column_text el_class=&#8221;camps-title&#8221;]<\/p>\n<h3 style=\"text-align: center;\">Seleccione la(s) fecha(s) del campamento que funcionan para usted a continuaci\u00f3n<\/h3>\n<p>[\/vc_column_text][\/vc_column][\/vc_row][vc_section][vc_row gap=&#8221;20&#8243;][vc_column width=&#8221;1\/3&#8243;][vc_column_text el_class=&#8221;camps-heading&#8221;]<\/p>\n<h4>Balcones Country Club<\/h4>\n<h4>N 183<\/h4>\n<p>[\/vc_column_text][vc_empty_space height=&#8221;8px&#8221;][vc_row_inner css=&#8221;.vc_custom_1550159082231{background-color: #f2f2f2 !important;border-radius: 5px !important;}&#8221;][vc_column_inner][vc_column_text]<\/p>\n<p style=\"text-align: center;\">Junio 22  a  Junio26<\/p>\n<p>[\/vc_column_text][vc_btn title=&#8221;CLICK TO REGISTER&#8221; color=&#8221;success&#8221; size=&#8221;xs&#8221; align=&#8221;center&#8221; button_block=&#8221;true&#8221; css=&#8221;.vc_custom_1582316447159{padding-top: 20px !important;}&#8221; link=&#8221;url:https%3A%2F%2Fwhiz-biz-kids.jumbula.com%2F2020SummerCamps%2FWhizBizKidsCampJune2226|||rel:nofollow&#8221;][\/vc_column_inner][\/vc_row_inner][\/vc_column][vc_column width=&#8221;1\/3&#8243;][vc_column_text el_class=&#8221;camps-heading&#8221;]<\/p>\n<h4>Balcones Country Club<\/h4>\n<h4>N 183<\/h4>\n<p>[\/vc_column_text][vc_empty_space height=&#8221;8px&#8221;][vc_row_inner css=&#8221;.vc_custom_1550159060124{background-color: #f2f2f2 !important;border-radius: 5px !important;}&#8221;][vc_column_inner][vc_column_text]<\/p>\n<p style=\"text-align: center;\">Julio 6  a  Julio 10<\/p>\n<p>[\/vc_column_text][vc_btn title=&#8221;CLICK TO REGISTER&#8221; color=&#8221;success&#8221; size=&#8221;xs&#8221; align=&#8221;center&#8221; button_block=&#8221;true&#8221; link=&#8221;url:https%3A%2F%2Fwhiz-biz-kids.jumbula.com%2F2020SummerCamps%2FWhizBizKidsCampJuly610|||rel:nofollow&#8221; css=&#8221;.vc_custom_1582316451975{padding-top: 20px !important;}&#8221;][\/vc_column_inner][\/vc_row_inner][\/vc_column][vc_column width=&#8221;1\/3&#8243;][vc_column_text el_class=&#8221;camps-heading&#8221;]<\/p>\n<h4>Balcones Country Club<\/h4>\n<h4>N 183<\/h4>\n<p>[\/vc_column_text][vc_empty_space height=&#8221;8px&#8221;][vc_row_inner css=&#8221;.vc_custom_1550159378575{border-radius: 5px !important;}&#8221;][vc_column_inner css=&#8221;.vc_custom_1550159048955{background-color: #f2f2f2 !important;}&#8221;][vc_column_text]<\/p>\n<p style=\"text-align: center;\">Julio 20  a  Julio 24<\/p>\n<p>[\/vc_column_text][vc_btn title=&#8221;CLICK TO REGISTER&#8221; color=&#8221;success&#8221; size=&#8221;xs&#8221; align=&#8221;center&#8221; button_block=&#8221;true&#8221; link=&#8221;url:https%3A%2F%2Fwhiz-biz-kids.jumbula.com%2F2020SummerCamps%2FWhizBizKidsCampJuly2024|||rel:nofollow&#8221; css=&#8221;.vc_custom_1582316472891{padding-top: 20px !important;}&#8221;][\/vc_column_inner][\/vc_row_inner][\/vc_column][\/vc_row][vc_row el_class=&#8221;camps-links&#8221;][vc_column][vc_empty_space height=&#8221;80px&#8221;][vc_column_text]<\/p>\n<h5 dir=\"ltr\" style=\"text-align: center;\"><a href=\"https:\/\/whiz-biz-kids.jumbula.com\/#\/about-us\">Reg\u00edstrate Ahora<\/a> |\u00a0<a href=\"https:\/\/whizbizkids.com\/es\/how-it-works\/\">C\u00f3mo Funciona<\/a> | <a href=\"https:\/\/whizbizkids.com\/es\/what-your-kids-teens-get\/\">Qu\u00e9 obtienen los ni\u00f1os\/adolescentes<\/a> |\u00a0<a href=\"https:\/\/whizbizkids.com\/es\/what-you-the-parents-get\/\">Qu\u00e9 obtienen ustedes, Pap\u00e1s<\/a> |\u00a0<a href=\"https:\/\/whizbizkids.com\/es\/piranha-pit\/\">Piranha Pit<\/a> |\u00a0<a href=\"https:\/\/whizbizkids.com\/es\/frequently-asked-questions\/\">Preguntas Frecuentes<\/a><\/h5>\n<p>[\/vc_column_text][vc_empty_space height=&#8221;30px&#8221;][\/vc_column][\/vc_row][\/vc_section]<\/p>","protected":false},"excerpt":{"rendered":"<p>[vc_row][vc_column][vc_empty_space height=&#8221;20px&#8221;][vc_empty_space height=&#8221;20px&#8221;][vc_row_inner][vc_column_inner width=&#8221;2\/3&#8243;][vc_video link=&#8221;https:\/\/vimeo.com\/215074556&#8243;][\/vc_column_inner][vc_column_inner width=&#8221;1\/3&#8243;][vc_column_text] At Whiz Biz Kids Summer Camp we give kids a place outside school and home to chase their dreams and build beneficial life skills like: Developing public speaking skills to share their message Having a community of likeminded kids and supportive mentors Learning business acumen to follow their own &#8230;<\/p>","protected":false},"author":21,"featured_media":0,"parent":0,"menu_order":0,"comment_status":"open","ping_status":"open","template":"","meta":[],"_links":{"self":[{"href":"https:\/\/whizbizkids.com\/es\/wp-json\/wp\/v2\/pages\/8491"}],"collection":[{"href":"https:\/\/whizbizkids.com\/es\/wp-json\/wp\/v2\/pages"}],"about":[{"href":"https:\/\/whizbizkids.com\/es\/wp-json\/wp\/v2\/types\/page"}],"author":[{"embeddable":true,"href":"https:\/\/whizbizkids.com\/es\/wp-json\/wp\/v2\/users\/21"}],"replies":[{"embeddable":true,"href":"https:\/\/whizbizkids.com\/es\/wp-json\/wp\/v2\/comments?post=8491"}],"version-history":[{"count":1,"href":"https:\/\/whizbizkids.com\/es\/wp-json\/wp\/v2\/pages\/8491\/revisions"}],"predecessor-version":[{"id":8492,"href":"https:\/\/whizbizkids.com\/es\/wp-json\/wp\/v2\/pages\/8491\/revisions\/8492"}],"wp:attachment":[{"href":"https:\/\/whizbizkids.com\/es\/wp-json\/wp\/v2\/media?parent=8491"}],"curies":[{"name":"wp","href":"https:\/\/api.w.org\/{rel}","templated":true}]}}