{"id":8485,"date":"2020-03-27T17:59:21","date_gmt":"2020-03-27T22:59:21","guid":{"rendered":"https:\/\/whizbizkids.com\/?page_id=8485"},"modified":"2020-03-27T17:59:21","modified_gmt":"2020-03-27T22:59:21","slug":"como-funciona","status":"publish","type":"page","link":"https:\/\/whizbizkids.com\/es\/como-funciona\/","title":{"rendered":"Como Funciona"},"content":{"rendered":"<p>[vc_row][vc_column][vc_empty_space height=&#8221;20px&#8221;][\/vc_column][\/vc_row][vc_row][vc_column][vc_column_text]<\/p>\n<h3 style=\"text-align: center;\"><strong>La experiencia de emprender y dirigir un negocio ense\u00f1a a los ni\u00f1os a:<\/strong><\/h3>\n<p>[\/vc_column_text][vc_empty_space height=&#8221;20px&#8221;][vc_column_text]<\/p>\n<ul>\n<li><span style=\"font-weight: 400;\">La ley de la oferta y demanda<\/span><\/li>\n<li><span style=\"font-weight: 400;\">Usar el dinero para hacer m\u00e1s dinero<\/span><\/li>\n<li><span style=\"font-weight: 400;\">C\u00f3mo prepararse para presentar ante un inversionista<\/span><\/li>\n<li><span style=\"font-weight: 400;\">C\u00f3mo trabajar en equipo para vencer obst\u00e1culos, aprender de los errores y celebrar la grandeza<\/span><\/li>\n<\/ul>\n<p>[\/vc_column_text][vc_empty_space height=&#8221;20px&#8221;][vc_column_text]<span style=\"font-weight: 400;\">Cada d\u00eda en WhizBizKids es una experiencia \u00fanica. <\/span>[\/vc_column_text][vc_empty_space height=&#8221;20px&#8221;][vc_column_text]<span style=\"font-weight: 400;\"><strong>Lunes\u00a0<\/strong>- El equipo hace lluvia de ideas sobre el producto y realiza una investigaci\u00f3n del mismo.<\/span><\/p>\n<p><span style=\"font-weight: 400;\"><strong>Martes<\/strong> - El equipo selecciona el\/los producto(s) que van a vender y hace la presentaci\u00f3n del mismo junto con el plan de negocios al inversionista<\/span><\/p>\n<p><span style=\"font-weight: 400;\"><strong>Mi\u00e9rcoles<\/strong> - El equipo fabrica el\/los producto(s) y hace la venta al p\u00fablico.<\/span><\/p>\n<p><span style=\"font-weight: 400;\"><strong>Jueves<\/strong> - Se contin\u00faa con la producci\u00f3n y venta.<\/span><\/p>\n<p><span style=\"font-weight: 400;\"><strong>Viernes<\/strong> - El equipo contin\u00faa con la producci\u00f3n y venta y se dividen las ganancias.<\/span>[\/vc_column_text][vc_empty_space height=&#8221;20px&#8221;][vc_column_text]<span style=\"font-weight: 400;\">Durante la semana, los diferentes participantes ejecutan los roles de Director General, Director Ejecutivo de Mercadotecnia, Director Ejecutivo de Finanzas, Director de Marketing, entre otros. Los campistas viven una diferente faceta del negocio cada d\u00eda.<\/span>[\/vc_column_text][vc_empty_space height=&#8221;20px&#8221;][vc_column_text]<span style=\"font-weight: 400;\">Los campamentos WhizBizKids se llevan a cabo en restaurantes locales y Country Clubs que se permiten ir m\u00e1s all\u00e1 y apoyan a los j\u00f3venes a ganar experiencia manejando el dinero y emprendiendo negocios. \u00a1Gracias a todos estos negocios que apoyan a WhizBizKids, ya que sin ustedes este proyecto no ser\u00eda lo mismo!<\/span>[\/vc_column_text][vc_empty_space height=&#8221;20px&#8221;][vc_column_text]<\/p>\n<h4 style=\"text-align: center;\"><b>Aprendizaje Vivencial<\/b><\/h4>\n<p>[\/vc_column_text][vc_empty_space height=&#8221;20px&#8221;][vc_column_text]<span style=\"font-weight: 400;\">Para lograr que los participantes se beneficien en su totalidad del aprendizaje vivencial, el equipo WhizBizKids adopta un enfoque no intervencionista durante los proyectos, permitiendo as\u00ed mayor autonom\u00eda. Se propicia el ambiente para que ellos mismos exploren su proceso y aprendan de sus errores. A partir de este m\u00e9todo, los participantes logran un aprendizaje profundo de los conceptos que est\u00e1n explorando. Ya que es su negocio, su idea, su producto y su dinero, los ni\u00f1os y j\u00f3venes adquieren un sentido de propiedad desde el inicio. <\/span>[\/vc_column_text][\/vc_column][\/vc_row][vc_row][vc_column][vc_empty_space height=&#8221;20px&#8221;][\/vc_column][\/vc_row]<\/p>","protected":false},"excerpt":{"rendered":"<p>[vc_row][vc_column][vc_empty_space height=&#8221;20px&#8221;][\/vc_column][\/vc_row][vc_row][vc_column][vc_column_text] The experience of launching and running a business teaches kids: [\/vc_column_text][vc_empty_space height=&#8221;20px&#8221;][vc_column_text] Supply and demand Using money to make more money How to prepare for an investor pitch How to work as a team to surmount challenges, learn from mistakes, and celebrate greatness [\/vc_column_text][vc_empty_space height=&#8221;20px&#8221;][vc_column_text]Every day at WhizBizKids is a unique experience. [\/vc_column_text][vc_empty_space &#8230;<\/p>","protected":false},"author":21,"featured_media":0,"parent":0,"menu_order":0,"comment_status":"closed","ping_status":"closed","template":"","meta":[],"_links":{"self":[{"href":"https:\/\/whizbizkids.com\/es\/wp-json\/wp\/v2\/pages\/8485"}],"collection":[{"href":"https:\/\/whizbizkids.com\/es\/wp-json\/wp\/v2\/pages"}],"about":[{"href":"https:\/\/whizbizkids.com\/es\/wp-json\/wp\/v2\/types\/page"}],"author":[{"embeddable":true,"href":"https:\/\/whizbizkids.com\/es\/wp-json\/wp\/v2\/users\/21"}],"replies":[{"embeddable":true,"href":"https:\/\/whizbizkids.com\/es\/wp-json\/wp\/v2\/comments?post=8485"}],"version-history":[{"count":1,"href":"https:\/\/whizbizkids.com\/es\/wp-json\/wp\/v2\/pages\/8485\/revisions"}],"predecessor-version":[{"id":8486,"href":"https:\/\/whizbizkids.com\/es\/wp-json\/wp\/v2\/pages\/8485\/revisions\/8486"}],"wp:attachment":[{"href":"https:\/\/whizbizkids.com\/es\/wp-json\/wp\/v2\/media?parent=8485"}],"curies":[{"name":"wp","href":"https:\/\/api.w.org\/{rel}","templated":true}]}}