{"id":8473,"date":"2020-03-27T16:01:35","date_gmt":"2020-03-27T21:01:35","guid":{"rendered":"https:\/\/whizbizkids.com\/?page_id=8473"},"modified":"2020-03-27T16:05:42","modified_gmt":"2020-03-27T21:05:42","slug":"our-mision","status":"publish","type":"page","link":"https:\/\/whizbizkids.com\/es\/our-mision\/","title":{"rendered":"Nuestra Misi\u00f3n"},"content":{"rendered":"<p>[vc_row][vc_column][vc_empty_space height=&#8221;20px&#8221;][\/vc_column][\/vc_row][vc_row][vc_column][vc_column_text]<span style=\"color: #003366;\"><b>Nuestra misi\u00f3n es propiciar oportunidades para que los j\u00f3venes puedan explorar su emprendedor interior, as\u00ed como fomentar h\u00e1bitos para una vida financiera exitosa y as\u00ed alcanzar su independencia.<\/b><\/span>[\/vc_column_text][vc_empty_space height=&#8221;20px&#8221;][\/vc_column][\/vc_row][vc_row css=&#8221;.vc_custom_1585250340722{margin-left: 10px !important;}&#8221;][vc_column width=&#8221;1\/4&#8243;][vc_single_image image=&#8221;6885&#8243; img_size=&#8221;400&#215;603&#8243; alignment=&#8221;center&#8221; style=&#8221;vc_box_rounded&#8221;][\/vc_column][vc_column width=&#8221;3\/4&#8243;][vc_column_text]Alicia Hoffman opened Moolah U of Northwest Austin in 2013 with the mission of preparing youth to be great with money and grew it into a successful summer camp that impacted hundreds of campers. \u00a0In 2016, Alicia launched Whiz Biz Kids with the goal of combining all of the beloved financial lessons with an additional focus on life-skills. \u00a0 Through skill building and working with business mentors, kids and teens will be able to start building their dreams![\/vc_column_text][\/vc_column][\/vc_row][vc_row][vc_column][vc_empty_space][vc_video link=&#8221;https:\/\/vimeo.com\/208246700&#8243;][vc_empty_space][\/vc_column][\/vc_row][vc_row][vc_column][vc_column_text]By\u00a0starting and running a business in camp, and the life-skills workshops of the Apprentice Program, participants gain the skills and knowledge needed for a confident, proactive adulthood.<\/p>\n<p>[\/vc_column_text][vc_empty_space height=&#8221;20px&#8221;][vc_column_text]WhizBizKids offers week-long summer camps for kids and teens. Campers work together to start a business, pitch it to investors, create products, and sell their wares. Campers make all of the business decisions and practice leadership, teamwork, and integrity. In the end, they leave camp with a newfound confidence and they keep all of their profits!<\/p>\n<p>[\/vc_column_text][vc_empty_space height=&#8221;20px&#8221;][vc_column_text]Graduates of the camps can join the <span style=\"color: #ff6600;\"><strong><a style=\"color: #ff6600;\" href=\"https:\/\/whizbizkids.com\/es\/apprentice-program\/\">Apprentice Program<\/a><\/strong><\/span>. The Apprentice Program offers monthly workshops during the school year on vital life-skills like professional communications, managing their own commitments, and developing habits for financial freedom. Apprentices work on the WhizBizKids team at the summer camps and can advance to a paid summer job.[\/vc_column_text][vc_empty_space height=&#8221;20px&#8221;][\/vc_column][\/vc_row]<\/p>","protected":false},"excerpt":{"rendered":"<p>[vc_row][vc_column][vc_empty_space height=&#8221;20px&#8221;][\/vc_column][\/vc_row][vc_row][vc_column][vc_column_text]Our mission is to provide opportunities for young people to explore their inner entrepreneur, build habits for a life of financial success, and achieve independence. Through first-hand experience, they will be prepared for a responsible and proactive adulthood, confident that they can accomplish whatever they choose![\/vc_column_text][vc_empty_space height=&#8221;20px&#8221;][\/vc_column][\/vc_row][vc_row css=&#8221;.vc_custom_1585250340722{margin-left: 10px !important;}&#8221;][vc_column width=&#8221;1\/4&#8243;][vc_single_image image=&#8221;6885&#8243; img_size=&#8221;400&#215;603&#8243; alignment=&#8221;center&#8221; &#8230;<\/p>","protected":false},"author":21,"featured_media":0,"parent":0,"menu_order":0,"comment_status":"closed","ping_status":"closed","template":"","meta":[],"_links":{"self":[{"href":"https:\/\/whizbizkids.com\/es\/wp-json\/wp\/v2\/pages\/8473"}],"collection":[{"href":"https:\/\/whizbizkids.com\/es\/wp-json\/wp\/v2\/pages"}],"about":[{"href":"https:\/\/whizbizkids.com\/es\/wp-json\/wp\/v2\/types\/page"}],"author":[{"embeddable":true,"href":"https:\/\/whizbizkids.com\/es\/wp-json\/wp\/v2\/users\/21"}],"replies":[{"embeddable":true,"href":"https:\/\/whizbizkids.com\/es\/wp-json\/wp\/v2\/comments?post=8473"}],"version-history":[{"count":3,"href":"https:\/\/whizbizkids.com\/es\/wp-json\/wp\/v2\/pages\/8473\/revisions"}],"predecessor-version":[{"id":8476,"href":"https:\/\/whizbizkids.com\/es\/wp-json\/wp\/v2\/pages\/8473\/revisions\/8476"}],"wp:attachment":[{"href":"https:\/\/whizbizkids.com\/es\/wp-json\/wp\/v2\/media?parent=8473"}],"curies":[{"name":"wp","href":"https:\/\/api.w.org\/{rel}","templated":true}]}}