{"id":8418,"date":"2020-03-26T14:35:07","date_gmt":"2020-03-26T19:35:07","guid":{"rendered":"https:\/\/whizbizkids.com\/?page_id=8418"},"modified":"2021-12-14T20:47:05","modified_gmt":"2021-12-15T02:47:05","slug":"course-curriculum","status":"publish","type":"page","link":"https:\/\/whizbizkids.com\/es\/course-curriculum\/","title":{"rendered":"Curriculum"},"content":{"rendered":"<p>[vc_row][vc_column][vc_empty_space height=&#8221;20px&#8221;][\/vc_column][\/vc_row][vc_row][vc_column][vc_column_text]<span style=\"color: #003366;\"><b>El curriculum de Whiz Biz Kids ofrece una introducci\u00f3n a los conceptos fundamentales de los negocios y las finanzas, as\u00ed como el desarrollo de habilidades de liderazgo\u2026 \u00a1todo en un curso interactivo! Los alumnos trabajan en equipos para desarrollar un negocio innovador y llevar al mercado un producto. Este curso, cuyo enfoque es el trabajo por proyectos, desarrolla en los alumnos la capacidad de resolver problemas, trabajar en equipo y mantener la integridad en todo momento. A lo largo del curso, los alumnos tienen diferentes roles y responsabilidades, presentan la idea a un posible inversionista y venden su producto; a lo largo de todo el proceso integran habilidades computacionales. Al concluir el curso, los alumnos habr\u00e1n descubierto la confianza que tienen en su habilidad para alcanzar el \u00e9xito financiero y conseguir todo aquello que se proponen.<\/b><\/span>[\/vc_column_text][vc_empty_space height=&#8221;20px&#8221;][\/vc_column][\/vc_row][vc_row][vc_column width=&#8221;2\/3&#8243;][vc_column_text]<span style=\"color: #003366;\"><b>Contenido del curso<\/b><\/span><\/p>\n<p>Este es un curso basado en proyectos, con la intenci\u00f3n de que los alumnos dise\u00f1en y dirijan su propio negocio. El instructor del curso apoya a los alumnos a lo largo del proceso, dirige las lecciones y los va orientando. En realidad, el instructor act\u00faa como un coach o mentor, quien los va apoyando durante el desarrollo de su negocio. Las oportunidades de aprendizaje van surgiendo en la medida que el equipo se enfrenta a distintos problemas por resolver en relaci\u00f3n con su negocio.<\/p>\n<p>&nbsp;<\/p>\n<p>El curso consiste en 30 lecciones, organizadas en 6 m\u00f3dulos. Las lecciones tienen una actividad central de aprendizaje y una actividad relacionada a las ciencias computacionales, a elegir entre: hojas de c\u00e1lculo, presentaciones o elaboraci\u00f3n de documentos.<\/p>\n<ol>\n<li><strong>Introducci\u00f3n a los negocios<br \/>\n<\/strong>Los alumnos comprenden los componentes que hacen que un negocio sea exitoso y c\u00f3mo planificar en funci\u00f3n de las necesidades de los clientes. Se presentan y analizan las cualidades principales que caracterizan a un emprendedor, por ejemplo: integridad, liderazgo, habilidades comunicativas y\u2026 \u00a1m\u00e1s! El perfil del emprendedor se va a retomando a lo largo del curso.<\/p>\n<hr \/>\n<p>&nbsp;<\/li>\n<li><strong>Creando una idea de negocios<br \/>\n<\/strong>Los alumnos comienzan a elaborar un plan de negocios mediante la realizaci\u00f3n previa de estudios de mercado y la creaci\u00f3n de prototipos de productos. Con informaci\u00f3n precisa del negocio que tienen en mente, los alumnos comienzan a desarrollar la confianza en s\u00ed mismos y su esp\u00edritu emprendedor interior comienza a florecer.<\/p>\n<hr \/>\n<p>&nbsp;<\/li>\n<li><strong>Comprendiendo los roles dentro de un negocio<br \/>\n<\/strong>Los alumnos profundizan en los diferentes departamentos que componen un negocio y comienzan a vivir la experiencia de desenvolverse en estos diferentes roles, como, por ejemplo: Gerente de Producci\u00f3n, Director de Operaciones, Director Financiero, e incluso Director Ejecutivo. Los alumnos analizan y experimentan las diferentes responsabilidades que conlleva cada puesto, lo cual ser\u00e1 central para que sepan c\u00f3mo dirigir su negocio.<\/p>\n<hr \/>\n<p>&nbsp;<\/li>\n<li><strong>Financiando tu negocio + Piranha Pit<br \/>\n<\/strong>Los estudiantes aprenden las finanzas de un negocio desde la obtenci\u00f3n de un pr\u00e9stamo comercial hasta la creaci\u00f3n de estados financieros de ganancias y p\u00e9rdidas. Para obtener financiamiento para su negocio, deber\u00e1n presentar sus ideas a un potencial inversionista, de la comunidad o de la escuela, en el Piranha Pit.<\/p>\n<hr \/>\n<p>&nbsp;<\/li>\n<li><strong>Dirigiendo el negocio<br \/>\n<\/strong>\u00a1Los alumnos toman diferentes roles y responsabilidades en su negocio! Durante 5 semanas, los alumnos van a comercializar, producir y vender sus productos para pagar su pr\u00e9stamo y obtener un beneficio real.<\/p>\n<hr \/>\n<p>&nbsp;<\/li>\n<li><strong>Finanzas personales<br \/>\n<\/strong>Una vez que los alumnos vivieron la experiencia real de dirigir un negocio emergente, es momento de analizar sus propias finanzas. En este m\u00f3dulo se prepara a los alumnos para la libertad financiera aprendiendo sobre la diferencia entre activos y pasivos, lo que significa invertir, c\u00f3mo ahorrar para su futuro, \u00a1y m\u00e1s!<\/li>\n<\/ol>\n<p>[\/vc_column_text][vc_empty_space height=&#8221;20px&#8221;][\/vc_column][vc_column width=&#8221;1\/3&#8243;][vc_single_image image=&#8221;8675&#8243; img_size=&#8221;medium&#8221;][vc_empty_space][vc_single_image image=&#8221;8419&#8243; img_size=&#8221;medium&#8221;][vc_empty_space][vc_single_image image=&#8221;8422&#8243; img_size=&#8221;medium&#8221;][\/vc_column][\/vc_row][vc_row][vc_column width=&#8221;1\/3&#8243;][\/vc_column][vc_column width=&#8221;1\/3&#8243;][vc_btn title=&#8221;CONTACT US TODAY! &#8221; style=&#8221;3d&#8221; color=&#8221;warning&#8221; align=&#8221;center&#8221; button_block=&#8221;true&#8221; link=&#8221;url:mailto%3AAlicia%40whizbizkids.com&#8221;][vc_empty_space][\/vc_column][vc_column width=&#8221;1\/3&#8243;][\/vc_column][\/vc_row]<\/p>","protected":false},"excerpt":{"rendered":"<p>[vc_row][vc_column][vc_empty_space height=&#8221;20px&#8221;][\/vc_column][\/vc_row][vc_row][vc_column][vc_column_text]Whiz Biz Kids curriculum offers an introduction to the fundamentals of business, financial basics, and leadership in an engaging, interactive course! Students work in teams to start their own pop-up businesses and bring a product to market. This project-based course gives them the tools to develop their own creative ideas and explore their inner &#8230;<\/p>","protected":false},"author":1,"featured_media":0,"parent":0,"menu_order":0,"comment_status":"closed","ping_status":"closed","template":"","meta":[],"_links":{"self":[{"href":"https:\/\/whizbizkids.com\/es\/wp-json\/wp\/v2\/pages\/8418"}],"collection":[{"href":"https:\/\/whizbizkids.com\/es\/wp-json\/wp\/v2\/pages"}],"about":[{"href":"https:\/\/whizbizkids.com\/es\/wp-json\/wp\/v2\/types\/page"}],"author":[{"embeddable":true,"href":"https:\/\/whizbizkids.com\/es\/wp-json\/wp\/v2\/users\/1"}],"replies":[{"embeddable":true,"href":"https:\/\/whizbizkids.com\/es\/wp-json\/wp\/v2\/comments?post=8418"}],"version-history":[{"count":9,"href":"https:\/\/whizbizkids.com\/es\/wp-json\/wp\/v2\/pages\/8418\/revisions"}],"predecessor-version":[{"id":8687,"href":"https:\/\/whizbizkids.com\/es\/wp-json\/wp\/v2\/pages\/8418\/revisions\/8687"}],"wp:attachment":[{"href":"https:\/\/whizbizkids.com\/es\/wp-json\/wp\/v2\/media?parent=8418"}],"curies":[{"name":"wp","href":"https:\/\/api.w.org\/{rel}","templated":true}]}}