{"id":7744,"date":"2017-04-13T22:40:27","date_gmt":"2017-04-14T03:40:27","guid":{"rendered":"https:\/\/whizbizkids.com\/?page_id=7744"},"modified":"2020-03-27T17:56:01","modified_gmt":"2020-03-27T22:56:01","slug":"testimonials","status":"publish","type":"page","link":"https:\/\/whizbizkids.com\/es\/testimonials\/","title":{"rendered":"Testimonios"},"content":{"rendered":"<p>[vc_row][vc_column][vc_empty_space]\r\n      <div style=\"width:100%; display:inline-block;\">\r\n        <div class=\"nicdark_textevidence nicdark_bg_yellow nicdark_radius nicdark_shadow\">\r\n            <div class=\"nicdark_margin20\">\r\n                <p class=\"white\">He estado en este programa durante 9 a\u00f1os y ha tenido un gran impacto en mi vida. He aprendido a ser m\u00e1s desenvuelta y interactuar con las personas como un adulto. Adem\u00e1s he desarrollado confianza en m\u00ed misma, la cual en realidad no sab\u00eda que ten\u00eda. Me encanta trabajar en este campamento. Definitivamente me fascina el ambiente que mantienen, el cual me hace sentir c\u00f3moda y es muy divertido. He ganado mucho de las experiencias que he tenido en este proyecto. He aprendido sobre las diferentes habilidades que se deben tener como emprendedor, por ejemplo: liderazgo, integridad y comunicaci\u00f3n. \u00c9stas me han ayudado no solo en la vida laboral, pero tambi\u00e9n en mi vida personal. Adem\u00e1s aprend\u00ed a manejarme a m\u00ed misma y sentirme m\u00e1s como una adulta que como ni\u00f1a.<\/p>\r\n            <\/div>\r\n            <i class=\"nicdark_iconbg right medium yellow\"><\/i>\r\n        <\/div>\r\n\r\n        <div class=\"nicdark_focus\">\r\n            <div class=\"nicdark_triangle yellow nicdark_marginleft20\"><\/div>\r\n        <\/div>\r\n        <div class=\"nicdark_space30\"><\/div>\r\n\r\n        <div class=\"nicdark_focus nicdark_relative\">\r\n            <img alt=\"\" class=\"nicdark_radius_circle nicdark_absolute\" width=\"65\" src=\"https:\/\/whizbizkids.com\/wp-content\/uploads\/2015\/01\/Sneha-150x150.jpg\">\r\n\r\n            <div class=\"nicdark_activity nicdark_marginleft85\">\r\n                <h5>Sneha<\/h5>                       \r\n                <div class=\"nicdark_space10\"><\/div>\r\n                <p>16 a\u00f1os<\/p>\r\n            <\/div>\r\n        <\/div>\r\n      <\/div>\r\n   [vc_empty_space]\r\n      <div style=\"width:100%; display:inline-block;\">\r\n        <div class=\"nicdark_textevidence nicdark_bg_green nicdark_radius nicdark_shadow\">\r\n            <div class=\"nicdark_margin20\">\r\n                <p class=\"white\">El a\u00f1o pasado fui a WhizBizKids y me divert\u00ed mucho. B\u00e1sicamente, WhizBizKids me ense\u00f1\u00f3 acerca del dinero y c\u00f3mo ahorrarlo e invertirlo. He aprendido mucho desde entonces y he ahorrado mucho dinero. Eventualmente podr\u00e9 invertir ese dinero en lo que podr\u00eda ser un negocio exitoso. <\/p>\r\n            <\/div>\r\n            <i class=\"nicdark_iconbg right medium green\"><\/i>\r\n        <\/div>\r\n\r\n        <div class=\"nicdark_focus\">\r\n            <div class=\"nicdark_triangle green nicdark_marginleft20\"><\/div>\r\n        <\/div>\r\n        <div class=\"nicdark_space30\"><\/div>\r\n\r\n        <div class=\"nicdark_focus nicdark_relative\">\r\n            <img alt=\"\" class=\"nicdark_radius_circle nicdark_absolute\" width=\"65\" src=\"https:\/\/whizbizkids.com\/wp-content\/uploads\/2015\/01\/Alex-150x150.jpg\">\r\n\r\n            <div class=\"nicdark_activity nicdark_marginleft85\">\r\n                <h5>Alex<\/h5>                       \r\n                <div class=\"nicdark_space10\"><\/div>\r\n                <p>10 a\u00f1os<\/p>\r\n            <\/div>\r\n        <\/div>\r\n      <\/div>\r\n   [vc_empty_space]\r\n      <div style=\"width:100%; display:inline-block;\">\r\n        <div class=\"nicdark_textevidence nicdark_bg_greydark nicdark_radius nicdark_shadow\">\r\n            <div class=\"nicdark_margin20\">\r\n                <p class=\"white\">Soy parte del Programa de Pasant\u00eda en WhizBizKids. Algo en particular que he aprendido de esta experiencia es c\u00f3mo comunicarme con los adultos. Yo era una chica muy t\u00edmida y lo que me ha ense\u00f1ado WhizBizKids es a tomar esta ense\u00f1anza y compartirla con personas de mi edad y tambi\u00e9n con compa\u00f1eros m\u00e1s grandes y chicos que yo. Me he dado cuenta que cualquier cosa que dices impacta en la forma c\u00f3mo te perciben los dem\u00e1s, y esto me ha ayudado en la escuela y fuera de ella. Una de las cosas m\u00e1s divertidas que he vivido en WhizBizKids es vender nuestros productos. Como participantes de campamento nos toca crear nuestro producto y dise\u00f1arlo tal como queramos, despu\u00e9s salimos a venderlo y eso es lo que me ayud\u00f3 a desarrollar mis habilidades comunicativas para hablar con los adultos y vender y as\u00ed generar m\u00e1s dinero. <\/p>\r\n            <\/div>\r\n            <i class=\"nicdark_iconbg right medium greydark\"><\/i>\r\n        <\/div>\r\n\r\n        <div class=\"nicdark_focus\">\r\n            <div class=\"nicdark_triangle greydark nicdark_marginleft20\"><\/div>\r\n        <\/div>\r\n        <div class=\"nicdark_space30\"><\/div>\r\n\r\n        <div class=\"nicdark_focus nicdark_relative\">\r\n            <img alt=\"\" class=\"nicdark_radius_circle nicdark_absolute\" width=\"65\" src=\"https:\/\/whizbizkids.com\/wp-content\/uploads\/2015\/01\/Swecha-150x150.jpg\">\r\n\r\n            <div class=\"nicdark_activity nicdark_marginleft85\">\r\n                <h5>Swecha<\/h5>                       \r\n                <div class=\"nicdark_space10\"><\/div>\r\n                <p>14 a\u00f1os<\/p>\r\n            <\/div>\r\n        <\/div>\r\n      <\/div>\r\n   [vc_empty_space]\r\n      <div style=\"width:100%; display:inline-block;\">\r\n        <div class=\"nicdark_textevidence nicdark_bg_orange nicdark_radius nicdark_shadow\">\r\n            <div class=\"nicdark_margin20\">\r\n                <p class=\"white\"> Soy alumno de 9\u00ba grado en la escuela McNeil. WhizBizKids me ha ayudado en mi vida diaria, ya que ha contribuido a mi independencia y en general a mi capacidad para manejar el dinero y tratar con diversas personas. Tambi\u00e9n me ha ayudado a valorar lo que hacen mis padres por mi. Lo m\u00e1s divertido que hice fue jugar \u201cBlas the Money Trap\u201d, un juego para usar de forma astuta el dinero, adem\u00e1s de divertido me permiti\u00f3 entender la rutina econ\u00f3mica de mi pa\u00eds y as\u00ed asegurarme de no entrar en esa rutina cuando yo sea mayor. <\/p>\r\n            <\/div>\r\n            <i class=\"nicdark_iconbg right medium orange\"><\/i>\r\n        <\/div>\r\n\r\n        <div class=\"nicdark_focus\">\r\n            <div class=\"nicdark_triangle orange nicdark_marginleft20\"><\/div>\r\n        <\/div>\r\n        <div class=\"nicdark_space30\"><\/div>\r\n\r\n        <div class=\"nicdark_focus nicdark_relative\">\r\n            <img alt=\"\" class=\"nicdark_radius_circle nicdark_absolute\" width=\"65\" src=\"https:\/\/whizbizkids.com\/wp-content\/uploads\/2015\/01\/Shravan-150x150.jpg\">\r\n\r\n            <div class=\"nicdark_activity nicdark_marginleft85\">\r\n                <h5>Shravan<\/h5>                       \r\n                <div class=\"nicdark_space10\"><\/div>\r\n                <p>14 a\u00f1os<\/p>\r\n            <\/div>\r\n        <\/div>\r\n      <\/div>\r\n   [vc_empty_space]\r\n      <div style=\"width:100%; display:inline-block;\">\r\n        <div class=\"nicdark_textevidence nicdark_bg_green nicdark_radius nicdark_shadow\">\r\n            <div class=\"nicdark_margin20\">\r\n                <p class=\"white\">Yo he sido parte de WhizBizKids por cuatro a\u00f1os. Durante ese tiempo mi vida ha cambiado. Lo que m\u00e1s me gusta de WhizBizKids es que a trav\u00e9s del Programa de Pasant\u00eda, hemos formado una familia de personas que nos conectamos entre nosotros y que siempre estamos ah\u00ed para apoyarnos. A trav\u00e9s de WhizBizKids he logrado aumentar mi confianza en m\u00ed misma. Ahora soy capaz de hablar con personas que son mucho mayores que yo, el doble de mi edad o m\u00e1s. Eso ha ayudado mucho con mi negocio, cuando presento mis ideas y cuando vendo mis productos. He comprendido que el liderazgo no es precisamente estar a cargo, m\u00e1s bien se trata de ser el responsable de ayudar a otros darse cuenta de qui\u00e9nes son en realidad.<\/p>\r\n            <\/div>\r\n            <i class=\"nicdark_iconbg right medium green\"><\/i>\r\n        <\/div>\r\n\r\n        <div class=\"nicdark_focus\">\r\n            <div class=\"nicdark_triangle green nicdark_marginleft20\"><\/div>\r\n        <\/div>\r\n        <div class=\"nicdark_space30\"><\/div>\r\n\r\n        <div class=\"nicdark_focus nicdark_relative\">\r\n            <img alt=\"\" class=\"nicdark_radius_circle nicdark_absolute\" width=\"65\" src=\"https:\/\/whizbizkids.com\/wp-content\/uploads\/2015\/01\/Rhea-150x150.jpg\">\r\n\r\n            <div class=\"nicdark_activity nicdark_marginleft85\">\r\n                <h5>Rhea<\/h5>                       \r\n                <div class=\"nicdark_space10\"><\/div>\r\n                <p>13 a\u00f1os<\/p>\r\n            <\/div>\r\n        <\/div>\r\n      <\/div>\r\n   [vc_empty_space]\r\n      <div style=\"width:100%; display:inline-block;\">\r\n        <div class=\"nicdark_textevidence nicdark_bg_greydark nicdark_radius nicdark_shadow\">\r\n            <div class=\"nicdark_margin20\">\r\n                <p class=\"white\">WBK es una gran organizaci\u00f3n que te ayuda a aumentar tu confianza, finanzas y tu responsabilidad.\nPara la primera parte, Confianza. He estado hablando desde que nac\u00ed y estoy bastante seguro de eso, as\u00ed que esa es un \u00e1rea en la que no creo que necesite crecer m\u00e1s. Pero segundamente, Finanzas y tercera \u00e1rea, Responsabilidad. He aprendido mucho gracias a WhizBizKids. Antes sol\u00eda perder mi tarea todo el tiempo y sol\u00eda ser el alborotador, pero ahora soy m\u00e1s un estudiante modelo. Y obtengo buenas calificaciones, hago todas mis cosas y obtengo cr\u00e9dito adicional. Realmente me est\u00e1 ayudando en la vida y s\u00e9 que me preparar\u00e1 para el futuro. Finanzas: soy m\u00e1s consciente de lo que mis padres gastan en m\u00ed y conozco la trampa del dinero. La trampa del dinero es donde si trabajas realmente duro, puedes obtener m\u00e1s dinero y luego puedes comenzar a invertir y luego tu dinero cambiar\u00e1 su propio tiempo y seguir\u00e1 trabajando y cambiar\u00e1 su propio tiempo y en poco tiempo ser\u00e1 tanto que ni siquiera te lo puedes imaginar. Despu\u00e9s de obtener mucho dinero, puedes dejar de intercambiar tu propio tiempo y dejar de trabajar. Eso no necesariamente te libera de todo. Conozco a muchas personas y quieren hacer del mundo un lugar mejor y ayudar a donar a organizaciones ben\u00e9ficas y ayudar a otros y hacer del mundo un lugar mejor. Puedes hacer todas estas cosas con tu tiempo libre. Pi\u00e9nsalo, \u00fanete a WhizBizKids. <\/p>\r\n            <\/div>\r\n            <i class=\"nicdark_iconbg right medium greydark\"><\/i>\r\n        <\/div>\r\n\r\n        <div class=\"nicdark_focus\">\r\n            <div class=\"nicdark_triangle greydark nicdark_marginleft20\"><\/div>\r\n        <\/div>\r\n        <div class=\"nicdark_space30\"><\/div>\r\n\r\n        <div class=\"nicdark_focus nicdark_relative\">\r\n            <img alt=\"\" class=\"nicdark_radius_circle nicdark_absolute\" width=\"65\" src=\"https:\/\/whizbizkids.com\/wp-content\/uploads\/2015\/01\/Ramya-150x150.jpg\">\r\n\r\n            <div class=\"nicdark_activity nicdark_marginleft85\">\r\n                <h5>Ramya<\/h5>                       \r\n                <div class=\"nicdark_space10\"><\/div>\r\n                <p>12 a\u00f1os<\/p>\r\n            <\/div>\r\n        <\/div>\r\n      <\/div>\r\n   [vc_empty_space]\r\n      <div style=\"width:100%; display:inline-block;\">\r\n        <div class=\"nicdark_textevidence nicdark_bg_blue nicdark_radius nicdark_shadow\">\r\n            <div class=\"nicdark_margin20\">\r\n                <p class=\"white\">El campamento al que fui fue divertido y tambi\u00e9n aprend\u00ed a manejar el dinero. Me encanta WhizBizKids y quiero volver a ir \u00e9ste verano. Mi parte favorita fue cuando era CFO e hice los precios de nuestros productos. Tambi\u00e9n aprend\u00ed a manejar dinero, vender productos y comercializarlos. <\/p>\r\n            <\/div>\r\n            <i class=\"nicdark_iconbg right medium blue\"><\/i>\r\n        <\/div>\r\n\r\n        <div class=\"nicdark_focus\">\r\n            <div class=\"nicdark_triangle blue nicdark_marginleft20\"><\/div>\r\n        <\/div>\r\n        <div class=\"nicdark_space30\"><\/div>\r\n\r\n        <div class=\"nicdark_focus nicdark_relative\">\r\n            <img alt=\"\" class=\"nicdark_radius_circle nicdark_absolute\" width=\"65\" src=\"https:\/\/whizbizkids.com\/wp-content\/uploads\/2015\/01\/Pranav-150x150.jpg\">\r\n\r\n            <div class=\"nicdark_activity nicdark_marginleft85\">\r\n                <h5>Pranav<\/h5>                       \r\n                <div class=\"nicdark_space10\"><\/div>\r\n                <p>9 a\u00f1os<\/p>\r\n            <\/div>\r\n        <\/div>\r\n      <\/div>\r\n   [vc_empty_space]\r\n      <div style=\"width:100%; display:inline-block;\">\r\n        <div class=\"nicdark_textevidence nicdark_bg_violet nicdark_radius nicdark_shadow\">\r\n            <div class=\"nicdark_margin20\">\r\n                <p class=\"white\">Mi mentor es muy importante para m\u00ed. S\u00e9 que solo he tenido una reuni\u00f3n, pero ella ha sido de gran ayuda. Ella me est\u00e1 ayudando a subir mi calificaci\u00f3n en lat\u00edn, que es el idioma que estoy tomando y me est\u00e1 ayudando a trabajar en mi idea de negocio. Antes de ella, ni siquiera sab\u00eda por d\u00f3nde empezar con mi idea de negocio. Ten\u00eda muchos problemas. Ten\u00eda la idea planeada pero no sab\u00eda qu\u00e9 hacer con ella. Pero Laura realmente me ha ayudado a poner mi idea en forma y en un plan para que pueda comenzar a hacerla, fabricarla y enviarla al mundo. Tambi\u00e9n comenc\u00e9 a obtener un presupuesto y me volv\u00ed m\u00e1s independiente y mejor en el manejo del dinero. As\u00ed que ahora estoy manejando el presupuesto de refrigerios para mi familia. Todav\u00eda no he comenzado, pero s\u00e9 que va a ser genial porque aprender\u00e9 m\u00e1s sobre el dinero que me ayudar\u00e1 cuando sea mayor. <\/p>\r\n            <\/div>\r\n            <i class=\"nicdark_iconbg right medium violet\"><\/i>\r\n        <\/div>\r\n\r\n        <div class=\"nicdark_focus\">\r\n            <div class=\"nicdark_triangle violet nicdark_marginleft20\"><\/div>\r\n        <\/div>\r\n        <div class=\"nicdark_space30\"><\/div>\r\n\r\n        <div class=\"nicdark_focus nicdark_relative\">\r\n            <img alt=\"\" class=\"nicdark_radius_circle nicdark_absolute\" width=\"65\" src=\"https:\/\/whizbizkids.com\/wp-content\/uploads\/2015\/01\/Nihita-150x150.jpg\">\r\n\r\n            <div class=\"nicdark_activity nicdark_marginleft85\">\r\n                <h5>Nihita<\/h5>                       \r\n                <div class=\"nicdark_space10\"><\/div>\r\n                <p>14 a\u00f1os<\/p>\r\n            <\/div>\r\n        <\/div>\r\n      <\/div>\r\n   [vc_empty_space]\r\n      <div style=\"width:100%; display:inline-block;\">\r\n        <div class=\"nicdark_textevidence nicdark_bg_yellow nicdark_radius nicdark_shadow\">\r\n            <div class=\"nicdark_margin20\">\r\n                <p class=\"white\">Comenc\u00e9 a hacer WhizBizKids cuando estaba en tercer grado y ahora estoy en octavo grado. Mi parte favorita es la tutor\u00eda y la ense\u00f1anza de las habilidades empresariales y de liderazgo de los ni\u00f1os m\u00e1s peque\u00f1os y luego adquiero las habilidades de liderazgo ense\u00f1\u00e1ndoles y puedo aplicarlo al hablar con mis entrenadores y maestros y al conocer nuevas personas.<\/p>\r\n            <\/div>\r\n            <i class=\"nicdark_iconbg right medium yellow\"><\/i>\r\n        <\/div>\r\n\r\n        <div class=\"nicdark_focus\">\r\n            <div class=\"nicdark_triangle yellow nicdark_marginleft20\"><\/div>\r\n        <\/div>\r\n        <div class=\"nicdark_space30\"><\/div>\r\n\r\n        <div class=\"nicdark_focus nicdark_relative\">\r\n            <img alt=\"\" class=\"nicdark_radius_circle nicdark_absolute\" width=\"65\" src=\"https:\/\/whizbizkids.com\/wp-content\/uploads\/2015\/01\/Justin-150x150.jpg\">\r\n\r\n            <div class=\"nicdark_activity nicdark_marginleft85\">\r\n                <h5>Justin<\/h5>                       \r\n                <div class=\"nicdark_space10\"><\/div>\r\n                <p>13 a\u00f1os<\/p>\r\n            <\/div>\r\n        <\/div>\r\n      <\/div>\r\n   [vc_empty_space]\r\n      <div style=\"width:100%; display:inline-block;\">\r\n        <div class=\"nicdark_textevidence nicdark_bg_blue nicdark_radius nicdark_shadow\">\r\n            <div class=\"nicdark_margin20\">\r\n                <p class=\"white\">A trav\u00e9s de este programa y bajo el liderazgo de Alicia, he aprendido muchas habilidades. A pasos agigantados, soy mucho m\u00e1s maduro, preparado y capaz de manejar la vida adulta que muchas personas de mi edad que no han tenido esta oportunidad. \n\nEstoy realmente orgulloso de haber tenido una parte en esto y de poder decir que me he llevado las habilidades que he adquirido. Me ha ense\u00f1ado un buen manejo del tiempo, como responder a tiempo, establecer fechas de vencimiento, estar listo para lo que tengo que hacer cuando tengo que hacerlo, llegar a las reuniones en el momento en que dije que iba a estar all\u00ed, integridad , hacer lo que dijiste como dijiste que lo har\u00edas, siendo fiel a ti mismo y a los dem\u00e1s, y la impecabilidad, un valor muy fuerte. Hacer las cosas lo m\u00e1s perfectamente posible, incluso cuando no es conveniente ni f\u00e1cil. En general, estoy muy feliz de que WBK me haya ense\u00f1ado todo lo que tiene. <\/p>\r\n            <\/div>\r\n            <i class=\"nicdark_iconbg right medium blue\"><\/i>\r\n        <\/div>\r\n\r\n        <div class=\"nicdark_focus\">\r\n            <div class=\"nicdark_triangle blue nicdark_marginleft20\"><\/div>\r\n        <\/div>\r\n        <div class=\"nicdark_space30\"><\/div>\r\n\r\n        <div class=\"nicdark_focus nicdark_relative\">\r\n            <img alt=\"\" class=\"nicdark_radius_circle nicdark_absolute\" width=\"65\" src=\"https:\/\/whizbizkids.com\/wp-content\/uploads\/2015\/01\/Aidan-150x150.jpg\">\r\n\r\n            <div class=\"nicdark_activity nicdark_marginleft85\">\r\n                <h5>Aidan<\/h5>                       \r\n                <div class=\"nicdark_space10\"><\/div>\r\n                <p>15 a\u00f1os<\/p>\r\n            <\/div>\r\n        <\/div>\r\n      <\/div>\r\n   [vc_empty_space height=&#8221;50px&#8221;][\/vc_column][\/vc_row][vc_row][vc_column][vc_empty_space]\r\n\r\n    <div class=\"nicdark_textevidence nicdark_bg_yellow nicdark_shadow center\">\r\n        <div class=\"nicdark_margin30\">\r\n            <h2 class=\"white subtitle\"><a target=\"\" href=\"\" class=\"white\"><\/a><\/h2>\r\n       <\/div>\r\n        <i class=\"nicdark_zoom  nicdark_iconbg left extrabig yellow nicdark_displaynone_ipadland nicdark_displaynone_ipadpotr\"><\/i>\r\n    <\/div>\r\n      \r\n   [vc_empty_space][vc_video link=&#8221;https:\/\/vimeo.com\/215084018&#8243; el_width=&#8221;70&#8243; align=&#8221;center&#8221;][vc_empty_space][\/vc_column][\/vc_row]<\/p>","protected":false},"excerpt":{"rendered":"<p>[vc_row][vc_column][vc_empty_space][vc_empty_space][vc_empty_space][vc_empty_space][vc_empty_space][vc_empty_space][vc_empty_space][vc_empty_space][vc_empty_space][vc_empty_space][vc_empty_space height=&#8221;50px&#8221;][\/vc_column][\/vc_row][vc_row][vc_column][vc_empty_space][vc_empty_space][vc_video link=&#8221;https:\/\/vimeo.com\/215084018&#8243; el_width=&#8221;70&#8243; align=&#8221;center&#8221;][vc_empty_space][\/vc_column][\/vc_row]<\/p>","protected":false},"author":1,"featured_media":0,"parent":0,"menu_order":0,"comment_status":"closed","ping_status":"closed","template":"","meta":[],"_links":{"self":[{"href":"https:\/\/whizbizkids.com\/es\/wp-json\/wp\/v2\/pages\/7744"}],"collection":[{"href":"https:\/\/whizbizkids.com\/es\/wp-json\/wp\/v2\/pages"}],"about":[{"href":"https:\/\/whizbizkids.com\/es\/wp-json\/wp\/v2\/types\/page"}],"author":[{"embeddable":true,"href":"https:\/\/whizbizkids.com\/es\/wp-json\/wp\/v2\/users\/1"}],"replies":[{"embeddable":true,"href":"https:\/\/whizbizkids.com\/es\/wp-json\/wp\/v2\/comments?post=7744"}],"version-history":[{"count":10,"href":"https:\/\/whizbizkids.com\/es\/wp-json\/wp\/v2\/pages\/7744\/revisions"}],"predecessor-version":[{"id":7908,"href":"https:\/\/whizbizkids.com\/es\/wp-json\/wp\/v2\/pages\/7744\/revisions\/7908"}],"wp:attachment":[{"href":"https:\/\/whizbizkids.com\/es\/wp-json\/wp\/v2\/media?parent=7744"}],"curies":[{"name":"wp","href":"https:\/\/api.w.org\/{rel}","templated":true}]}}