{"id":7666,"date":"2017-03-20T22:20:43","date_gmt":"2017-03-21T03:20:43","guid":{"rendered":"https:\/\/whizbizkids.com\/?page_id=7666"},"modified":"2021-12-15T09:28:39","modified_gmt":"2021-12-15T15:28:39","slug":"our-mission","status":"publish","type":"page","link":"https:\/\/whizbizkids.com\/es\/our-mission\/","title":{"rendered":"Nuestra Misi\u00f3n"},"content":{"rendered":"<p>[vc_row][vc_column][vc_empty_space height=&#8221;60px&#8221;][\/vc_column][\/vc_row][vc_row][vc_column][vc_column_text]<\/p>\n<h2><span style=\"color: #003366;\">Nuestra misi\u00f3n es propiciar oportunidades para que los j\u00f3venes puedan explorar su emprendedor interior, as\u00ed como fomentar h\u00e1bitos para una vida financiera exitosa y as\u00ed alcanzar su independencia.<\/span><\/h2>\n<p>[\/vc_column_text][vc_empty_space][\/vc_column][\/vc_row][vc_row css=&#8221;.vc_custom_1585250340722{margin-left: 10px !important;}&#8221;][vc_column width=&#8221;1\/4&#8243;][vc_single_image image=&#8221;8673&#8243; img_size=&#8221;400&#215;603&#8243; alignment=&#8221;center&#8221; style=&#8221;vc_box_rounded&#8221;][\/vc_column][vc_column width=&#8221;3\/4&#8243;][vc_column_text]My name is Alicia Hoffman and I am the founder of Whiz Biz Kids. I believe we live in an era where you can be successful by creating a business for anything you are passionate about! In other words, financial success now includes being entrepreneurial! In 2013 I asked myself, \u201cHow can we prepare our youth to be entrepreneurial in this new economy?\u201d As a parent, I wanted my kids to be prepared with the entrepreneurial tools they need to be successful. That\u2019s why I started Whiz Biz Kids![\/vc_column_text][vc_empty_space height=&#8221;20px&#8221;][vc_column_text]During my 20 years as a CPA in corporate finance, I experienced a shift to the gig economy first hand. After being laid off, I started my own Accounting business along with Whiz Biz Kids and never looked back. I made it my mission to show kids that there is another path to financial success and give them the entrepreneurial tools they need to follow their dreams![\/vc_column_text][vc_empty_space height=&#8221;20px&#8221;][vc_column_text]Since 2013 I have been delivering entrepreneurial curriculum where students create a business vision and see it through to completion. Kids get the opportunity to work together as a team to create a startup, pitch their idea to investors in the Piranha Pit, and be accountable for all business and financial decisions![\/vc_column_text][vc_empty_space height=&#8221;20px&#8221;][vc_column_text]Whiz Biz Kids prepares young people for the modern economy through project-based curriculum. This hands-on learning sets us apart. Because it\u2019s their idea, their product, and their business, the kids have a strong sense of ownership from the very beginning. As students take on roles such as CEO, CFO, marketing manager and more they develop a newfound confidence in their own ability to achieve financial success and accomplish whatever they choose! This unique opportunity to make their own decisions and learn from their mistakes, shifts their mindset and gives them the courage to follow their dreams![\/vc_column_text][vc_empty_space height=&#8221;20px&#8221;][\/vc_column][\/vc_row][vc_row][vc_column][vc_empty_space][vc_video link=&#8221;https:\/\/vimeo.com\/208246700&#8243;][vc_empty_space][\/vc_column][\/vc_row]<\/p>","protected":false},"excerpt":{"rendered":"<p>[vc_row][vc_column][vc_empty_space height=&#8221;60px&#8221;][\/vc_column][\/vc_row][vc_row][vc_column][vc_column_text] Our mission is to provide opportunities for young people to explore their inner entrepreneur, build habits for a life of financial success, and achieve independence. Through first-hand experience, they will be prepared for a responsible and proactive adulthood, confident that they can accomplish whatever they choose! [\/vc_column_text][vc_empty_space][\/vc_column][\/vc_row][vc_row css=&#8221;.vc_custom_1585250340722{margin-left: 10px !important;}&#8221;][vc_column width=&#8221;1\/4&#8243;][vc_single_image image=&#8221;8673&#8243; img_size=&#8221;400&#215;603&#8243; &#8230;<\/p>","protected":false},"author":1,"featured_media":0,"parent":0,"menu_order":0,"comment_status":"closed","ping_status":"closed","template":"","meta":[],"_links":{"self":[{"href":"https:\/\/whizbizkids.com\/es\/wp-json\/wp\/v2\/pages\/7666"}],"collection":[{"href":"https:\/\/whizbizkids.com\/es\/wp-json\/wp\/v2\/pages"}],"about":[{"href":"https:\/\/whizbizkids.com\/es\/wp-json\/wp\/v2\/types\/page"}],"author":[{"embeddable":true,"href":"https:\/\/whizbizkids.com\/es\/wp-json\/wp\/v2\/users\/1"}],"replies":[{"embeddable":true,"href":"https:\/\/whizbizkids.com\/es\/wp-json\/wp\/v2\/comments?post=7666"}],"version-history":[{"count":13,"href":"https:\/\/whizbizkids.com\/es\/wp-json\/wp\/v2\/pages\/7666\/revisions"}],"predecessor-version":[{"id":8689,"href":"https:\/\/whizbizkids.com\/es\/wp-json\/wp\/v2\/pages\/7666\/revisions\/8689"}],"wp:attachment":[{"href":"https:\/\/whizbizkids.com\/es\/wp-json\/wp\/v2\/media?parent=7666"}],"curies":[{"name":"wp","href":"https:\/\/api.w.org\/{rel}","templated":true}]}}