{"id":7506,"date":"2017-02-11T23:16:27","date_gmt":"2017-02-12T05:16:27","guid":{"rendered":"https:\/\/whizbizkids.com\/?page_id=7506"},"modified":"2020-03-27T18:23:04","modified_gmt":"2020-03-27T23:23:04","slug":"frequently-asked-questions","status":"publish","type":"page","link":"https:\/\/whizbizkids.com\/es\/frequently-asked-questions\/","title":{"rendered":"Preguntas Frecuentes"},"content":{"rendered":"<p>[vc_row][vc_column][vc_empty_space height=&#8221;20px&#8221;][\/vc_column][\/vc_row][vc_row][vc_column][vc_column_text]<\/p>\n<h3><b>\u00bfEn qu\u00e9 horarios es el campamento?<\/b><\/h3>\n<p>[\/vc_column_text][vc_empty_space height=&#8221;20px&#8221;][vc_column_text]<span style=\"font-weight: 400;\">El campamento WhizBizKids es de 9:00am a 3:30pm diariamente. \u00a0<\/span><\/p>\n<p><span style=\"font-weight: 400;\">El horario extendido es de 8:00am a 5:00pm.<\/span>[\/vc_column_text][vc_empty_space height=&#8221;20px&#8221;][vc_column_text]<\/p>\n<h3><b>\u00bfD\u00f3nde se lleva a cabo?<\/b><\/h3>\n<p>[\/vc_column_text][vc_empty_space height=&#8221;20px&#8221;][vc_column_text]<span style=\"font-weight: 400;\">Los campamentos se desarrollan en lugares con cierto flujo de clientes para los negocios que proponen los campistas. <\/span><\/p>\n<p><span style=\"font-weight: 400;\">Por lo general es en restaurantes.<\/span>[\/vc_column_text][vc_empty_space height=&#8221;20px&#8221;][vc_column_text]<\/p>\n<h3><b>\u00bfCu\u00e1ntos ni\u00f1os\/j\u00f3venes participan en cada sesi\u00f3n del campamento?<\/b><\/h3>\n<p>[\/vc_column_text][vc_empty_space height=&#8221;20px&#8221;][vc_column_text]<span style=\"font-weight: 400;\">Generalmente en los campamentos participan de 15-20 ni\u00f1os\/j\u00f3venes. <\/span><\/p>\n<p><span style=\"font-weight: 400;\">El tama\u00f1o del grupo permite que todos trabajen de forma eficiente como equipo y desarrollen habilidades de liderazgo.<\/span>[\/vc_column_text][vc_empty_space height=&#8221;20px&#8221;][vc_column_text]<\/p>\n<h3><b>Mi hijo de 8 a\u00f1os es muy t\u00edmido. \u00bfPodr\u00e1 integrarse con ni\u00f1os y j\u00f3venes m\u00e1s grandes que \u00e9l en la sesi\u00f3n?<\/b><\/h3>\n<p>[\/vc_column_text][vc_empty_space height=&#8221;20px&#8221;][vc_column_text]<span style=\"font-weight: 400;\">Los equipos que son heterog\u00e9neos en edad funcionan muy bien cuando est\u00e1n comprometidos en crear un negocio juntos.  La mayor parte de las actividades se llevan a cabo en grupos peque\u00f1os en lo cuales la interacci\u00f3n es muy fluida. Uno de los principales objetivos del campamento es desarrollar habilidades de liderazgo y cuando los ni\u00f1os de diferentes edades trabajan juntos es cuando aprenden a reconocer sus diferencias y mirar las virtudes en los otros. A decir verdad, de eso se trata el liderazgo.<\/span>[\/vc_column_text][\/vc_column][\/vc_row][vc_row][vc_column][vc_empty_space height=&#8221;20px&#8221;][vc_column_text]<\/p>\n<h3><b>\u00bfCada ni\u00f1o hace su propio proyecto de negocio?<\/b><\/h3>\n<p>[\/vc_column_text][vc_empty_space height=&#8221;20px&#8221;][vc_column_text]<span style=\"font-weight: 400;\">La forma m\u00e1s eficiente de desarrollar habilidades de liderazgo es enfrentando los retos que surgen al trabajar en equipo hacia una meta en com\u00fan. Es por ello que los ni\u00f1os trabajan en conjunto para crear un producto que juntos ofrezcan al p\u00fablico.<\/span>[\/vc_column_text][vc_empty_space height=&#8221;20px&#8221;][vc_column_text]<\/p>\n<h3><b>\u00bfC\u00f3mo es que al dirigir un negocio aprenden sobre el manejo del dinero?<\/b><\/h3>\n<p>[\/vc_column_text][vc_empty_space height=&#8221;20px&#8221;][vc_column_text]<span style=\"font-weight: 400;\">El dinero existe como m\u00e9todo de cambio por cosas de valor. De eso se trata un negocio, dar a alguien algo a cambio de dinero. Al tener experiencias directas con la ley de la oferta y la demanda, logran generar un desarrollo profundo acerca de estos conceptos y comienzan a desarrollar habilidades para una vida responsable en t\u00e9rminos financieros.<\/span>[\/vc_column_text][vc_empty_space height=&#8221;20px&#8221;][vc_column_text]<\/p>\n<h3><b>\u00bfQu\u00e9 tipo de negocio comienzan?<\/b><\/h3>\n<p>[\/vc_column_text][vc_empty_space height=&#8221;20px&#8221;][vc_column_text]<span style=\"font-weight: 400;\"><strong>\u00a1El que ellos decidan!<\/strong> <\/span><\/p>\n<p><span style=\"font-weight: 400;\">Cada grupo propone sus ideas y a partir de la investigaci\u00f3n de mercado determinan cu\u00e1l de los productos representa el negocio m\u00e1s rentable. Algunos negocios han venido cartas, catarinas, bloqueador, saquitos de lavanda, sales de ba\u00f1o, velas, esculturas, por nombrar algunos.<\/span>[\/vc_column_text][vc_empty_space height=&#8221;20px&#8221;][vc_column_text]<\/p>\n<h3><b>\u00bfCu\u00e1nta gu\u00eda les proporcionan?<\/b><\/h3>\n<p>[\/vc_column_text][vc_empty_space height=&#8221;20px&#8221;][vc_column_text]<span style=\"font-weight: 400;\">Uno de los principios fundamentales es que los ni\u00f1os aprenden a trav\u00e9s de la experiencia. Se propicia el ambiente para que ellos mismos exploren su proceso y aprendan de sus errores. A partir de este m\u00e9todo, los participantes logran un aprendizaje profundo de los conceptos que est\u00e1n explorando.<\/span>[\/vc_column_text][vc_empty_space height=&#8221;20px&#8221;][vc_column_text]<span style=\"font-weight: 400;\">Se les proporciona la informaci\u00f3n que les vaya resultando necesaria y se atienden las preguntas de acuerdo a c\u00f3mo vayan surgiendo. Ellos toman sus propias decisiones para que aprendan los efectos de las mismas.<\/span>[\/vc_column_text][vc_empty_space height=&#8221;20px&#8221;][vc_column_text]<\/p>\n<h3><b>\u00bfNecesitan traer su propio dinero para comenzar el negocio?<\/b><\/h3>\n<p>[\/vc_column_text][vc_empty_space height=&#8221;20px&#8221;][vc_column_text]<span style=\"font-weight: 400;\">No necesitan traer nada al campamento. As\u00ed como cualquier empresa de reciente creaci\u00f3n, la idea debe ser investigada para analizar la rentabilidad de la misma y que pueda ser financiada. Una vez que el equipo elija una idea que sea rentable, reciben un pr\u00e9stamo por parte de un inversionista de WhizBizKids, a quien pagan a partir de los ingresos del negocio. Aprenden una lecci\u00f3n invaluable acerca del inter\u00e9s, ya que en caso de no pagar al inversionista al finalizar el primer d\u00eda deben pagar intereses. A pesar de que esto ocurre raramente, aprenden c\u00f3mo aplicar\u00edan los intereses en caso de pedir un pr\u00e9stamo real en el futuro.<\/span>[\/vc_column_text][vc_empty_space height=&#8221;20px&#8221;][\/vc_column][\/vc_row]<\/p>","protected":false},"excerpt":{"rendered":"<p>[vc_row][vc_column][vc_empty_space height=&#8221;20px&#8221;][\/vc_column][\/vc_row][vc_row][vc_column][vc_column_text] What are the hours? [\/vc_column_text][vc_empty_space height=&#8221;20px&#8221;][vc_column_text]WhizBizKids camp begins at 9:00am and completes at 3:30pm each day. \u00a0 Extended day hours are from 8:00am to 5:00pm.[\/vc_column_text][vc_empty_space height=&#8221;20px&#8221;][vc_column_text] Where is it? [\/vc_column_text][vc_empty_space height=&#8221;20px&#8221;][vc_column_text]The camps are held at locations with a built-in flow of customers for the campers\u2019 business. Camps are usually held in restaurants that &#8230;<\/p>","protected":false},"author":1,"featured_media":0,"parent":0,"menu_order":0,"comment_status":"closed","ping_status":"closed","template":"","meta":[],"_links":{"self":[{"href":"https:\/\/whizbizkids.com\/es\/wp-json\/wp\/v2\/pages\/7506"}],"collection":[{"href":"https:\/\/whizbizkids.com\/es\/wp-json\/wp\/v2\/pages"}],"about":[{"href":"https:\/\/whizbizkids.com\/es\/wp-json\/wp\/v2\/types\/page"}],"author":[{"embeddable":true,"href":"https:\/\/whizbizkids.com\/es\/wp-json\/wp\/v2\/users\/1"}],"replies":[{"embeddable":true,"href":"https:\/\/whizbizkids.com\/es\/wp-json\/wp\/v2\/comments?post=7506"}],"version-history":[{"count":2,"href":"https:\/\/whizbizkids.com\/es\/wp-json\/wp\/v2\/pages\/7506\/revisions"}],"predecessor-version":[{"id":7509,"href":"https:\/\/whizbizkids.com\/es\/wp-json\/wp\/v2\/pages\/7506\/revisions\/7509"}],"wp:attachment":[{"href":"https:\/\/whizbizkids.com\/es\/wp-json\/wp\/v2\/media?parent=7506"}],"curies":[{"name":"wp","href":"https:\/\/api.w.org\/{rel}","templated":true}]}}