{"id":6971,"date":"2016-12-11T20:51:34","date_gmt":"2016-12-11T20:51:34","guid":{"rendered":"http:\/\/emilyleach.com\/dev\/?page_id=6971"},"modified":"2020-06-21T17:20:22","modified_gmt":"2020-06-21T22:20:22","slug":"camp","status":"publish","type":"page","link":"https:\/\/whizbizkids.com\/es\/camp\/","title":{"rendered":"\u00a1Ubicaciones de campamentos al noroeste de Austin!"},"content":{"rendered":"<p>[vc_row][vc_column][vc_empty_space height=&#8221;20px&#8221;]<h1 style=\"color:#8e6b96;\" class=\"subtitle left\">Whiz Biz Kids COVID-19 Safety Precautions<\/h1>[vc_empty_space height=&#8221;20px&#8221;][vc_row_inner][vc_column_inner width=&#8221;1\/2&#8243;][vc_single_image image=&#8221;8555&#8243; img_size=&#8221;full&#8221;][\/vc_column_inner][vc_column_inner width=&#8221;1\/2&#8243;][vc_column_text]<span style=\"color: #ff0000;\"><strong>DUE TO THE RECENT COVID-19 SURGE IN CENTRAL TEXAS, WHIZ BIZ KIDS HAS MADE THE DIFFICULT DECISION TO CANCEL ALL CAMPS THIS SUMMER. HOWEVER, WE PLAN ON BEING BACK STRONGER THAN EVER IN 2021!<\/strong><\/span><\/p>\n<p>&nbsp;<\/p>\n<p class=\"gmail_default\"><span style=\"color: #003366;\"><strong>Whiz Biz Kids is committed to the health and well-being of all our campers and staff. In addition, we are dedicated to having a strong role in supporting our local health officials and government leaders. We understand during this difficult time there is a lot of uncertainty and you might have many questions relating to what safety steps we\u2019re taking.<\/strong><\/span><\/p>\n<p>&nbsp;<\/p>\n<p>Here\u2019s a list of events and resources so that you can make an informed decision on whether to enroll your child or teen in Whiz Biz Kids camp this summer:<\/p>\n<ul>\n<li class=\"gmail_default\"><span style=\"color: #a4a4a4;\">On May 18th, Governor Abbott gave permission for day camps to open beginning May 31st.<\/span><\/li>\n<li class=\"gmail_default\"><span style=\"color: #a4a4a4;\">Whiz Biz Kids has been actively participating in local and national camp directors forums and following the CDC recommendations regarding summer camps including the following resources:<\/span><\/li>\n<\/ul>\n<ul>\n<li style=\"list-style-type: none;\">\n<ul>\n<li><a href=\"https:\/\/www.cdc.gov\/coronavirus\/2019-ncov\/community\/schools-childcare\/summer-camps.html\" target=\"_blank\" rel=\"noopener noreferrer\">CDC Summer Camp Guidelines<\/a><\/li>\n<li><a href=\"https:\/\/drive.google.com\/file\/d\/1qOkLE4REJCRV81fpZUEFmlZq4DbMF8WU\/view?usp=sharing\" target=\"_blank\" rel=\"noopener noreferrer\">Minimum Standard Health Protocol Checklist<\/a><\/li>\n<li><a href=\"https:\/\/drive.google.com\/file\/d\/1_jHnl9ddOjmla39M7h_GUYzCDDmKrcOa\/view?usp=sharing\" target=\"_blank\" rel=\"noopener noreferrer\">Camp Opening Decision Tree<\/a><\/li>\n<\/ul>\n<\/li>\n<\/ul>\n<p>Whiz Biz Kids will be taking the following additional safety precautions during the summer 2020 Camp Season:<\/p>\n<ol>\n<li>Staff and Campers wear masks<\/li>\n<li>Campers temperatures taken at drop-off<\/li>\n<li>Daily drive-thru drop-off and pick-up<\/li>\n<li>Extra sanitization of all surfaces<\/li>\n<li>All hands sanitized at the start and end of each day<\/li>\n<li>Hand sanitizing stations throughout camp room<\/li>\n<li>Camp room set-up to support distancing<\/li>\n<li>UV wand to be used on supplies<\/li>\n<li>Lunches and snacks brought from home<\/li>\n<\/ol>\n<p>We will also update this page with frequent questions from our customers. Please contact us if you have questions at 512-699-2720 or by email: <a href=\"mailto:Alicia@WhizBizKids.com\" target=\"_blank\" rel=\"noopener noreferrer\">Alicia@WhizBizKids.com<\/a>. We look forward to creating wonderful memories this summer.<\/p>\n<p>&nbsp;<\/p>\n<p>Thank you and stay safe,<br \/>\nAlicia Hoffman[\/vc_column_text][vc_empty_space height=&#8221;15px&#8221;][\/vc_column_inner][\/vc_row_inner][vc_row_inner][vc_column_inner][\/vc_column_inner][\/vc_row_inner][\/vc_column][\/vc_row][vc_row css=&#8221;.vc_custom_1422890646455{margin-top: 60px !important;margin-bottom: 30px !important;}&#8221; idsection=&#8221;class-row-teachers&#8221;][vc_column]<h1 style=\"color:;\" class=\"subtitle center\">\u00a1Ubicaciones de campamentos al noroeste de Austin!<\/h1>[vc_empty_space height=&#8221;20px&#8221;]<div class=\"nicdark_divider  center big\"><span style=\"background-color:#edbf47;\" class=\"nicdark_radius\"><\/span><\/div>[vc_empty_space height=&#8221;20px&#8221;][vc_column_text]<\/p>\n<div class=\"wpb_text_column wpb_content_element\">Campamentos de 5 d\u00edas - Lunes a Viernes, 9:00 am - 3:30pm (Cuidado extendido disponible)<\/div>\n<div class=\"wpb_text_column wpb_content_element\">\n<div class=\"wpb_wrapper\">\n<p>\u00c9sta experiencia divertida e interactiva esta disponible a ni\u00f1os y adolescentes entre 8 y 16 a\u00f1os de edad.<\/p>\n<p>**Due to safety concerns relating to COVID-19, kids will be bring their own lunch and snacks to camp daily.<\/p>\n<\/div>\n<\/div>\n<div class=\"wpb_text_column wpb_content_element\">\n<div class=\"wpb_wrapper\">\n<p>Cost: $360<\/p>\n<\/div>\n<\/div>\n<p>[\/vc_column_text][vc_empty_space height=&#8221;20px&#8221;][vc_column_text]*Need to drop off early or pick up late? \u00a0We have extended care\u00a0&#8211; drop off at 8:00 and pick up at 5:00 for an extra $10 a day\u00a0or $50 for the week*[\/vc_column_text][vc_empty_space height=&#8221;20px&#8221;][vc_column_text]<em>Entendemos que pueden ocurrir cambios en la programaci\u00f3n. Los reembolsos de matr\u00edcula se otorgan menos la mitad del dep\u00f3sito si la cancelaci\u00f3n se recibe por escrito por correo electr\u00f3nico, tres semanas antes.<\/em><em>\u00a0del comienzo<\/em><em>del campamento al cual<\/em><em>se hab\u00edan inscrito. La matr\u00edcula se puede transferir a otra sesi\u00f3n o temporada.\u00a0<\/em><em>Favor de permitirnos dos semanas para procesar su reembolso.<\/em>[\/vc_column_text][\/vc_column][\/vc_row][vc_row el_class=&#8221;camps-menu&#8221;][vc_column width=&#8221;1\/6&#8243; el_class=&#8221;camps-menu&#8221;][vc_btn title=&#8221;2020 Registration Now Open!&#8221; color=&#8221;success&#8221; align=&#8221;center&#8221; link=&#8221;url:https%3A%2F%2Fwhiz-biz-kids.jumbula.com%2F%23%2Fabout-us||target:%20_blank|&#8221;][\/vc_column][vc_column width=&#8221;1\/6&#8243; el_class=&#8221;camps-menu&#8221;][vc_btn title=&#8221;How Camp Works&#8221; color=&#8221;success&#8221; align=&#8221;center&#8221; link=&#8221;url:https%3A%2F%2Fwhizbizkids.com%2Fhow-it-works%2F||&#8221;][\/vc_column][vc_column width=&#8221;1\/6&#8243; el_class=&#8221;camps-menu&#8221;][vc_btn title=&#8221;What Your Kids\/Teens Get&#8221; color=&#8221;success&#8221; align=&#8221;center&#8221; link=&#8221;url:https%3A%2F%2Fwhizbizkids.com%2Fwhat-your-kids-teens-get%2F||&#8221;][\/vc_column][vc_column width=&#8221;1\/6&#8243; el_class=&#8221;camps-menu&#8221;][vc_btn title=&#8221;What You, Parents Get&#8221; color=&#8221;success&#8221; align=&#8221;center&#8221; link=&#8221;url:https%3A%2F%2Fwhizbizkids.com%2Fwhat-you-the-parents-get%2F||&#8221;][\/vc_column][vc_column width=&#8221;1\/6&#8243; el_class=&#8221;camps-menu&#8221;][vc_btn title=&#8221;About Piranha Pit&#8221; color=&#8221;success&#8221; align=&#8221;center&#8221; link=&#8221;url:https%3A%2F%2Fwhizbizkids.com%2Fpiranha-pit%2F||&#8221;][\/vc_column][vc_column width=&#8221;1\/6&#8243; el_class=&#8221;camps-menu&#8221;][vc_btn title=&#8221;Frequently Asked Questions&#8221; color=&#8221;success&#8221; align=&#8221;center&#8221; link=&#8221;url:https%3A%2F%2Fwhizbizkids.com%2Ffrequently-asked-questions%2F||&#8221;][\/vc_column][\/vc_row][vc_row][vc_column][vc_empty_space height=&#8221;20px&#8221;][vc_column_text]<span style=\"font-weight: 400;\">\u00a1Reg\u00edstrate para un campamento Whiz Biz Kids hoy! Durante el campamento de una semana, su hijo comenzar\u00e1 un negocio, <\/span><span style=\"font-weight: 400;\">lo presentar\u00e1 a los inversores, crear\u00e1 productos, vender\u00e1 sus productos y conservar\u00e1 las ganancias. Esta experiencia comercial de la vida real permite a los ni\u00f1os aprender los conceptos b\u00e1sicos de c\u00f3mo funciona el dinero. En solo unos d\u00edas, observe c\u00f3mo su hijo desarrolla habilidades de liderazgo, trabajo en equipo e integridad.<\/span><\/p>\n<p>&nbsp;<\/p>\n<p><strong>\u00a1Invierta en el futuro de su hijo!<\/strong>[\/vc_column_text][vc_empty_space height=&#8221;25px&#8221;]<div class=\"nicdark_divider  left big\"><span style=\"background-color:#edbf47;\" class=\"nicdark_radius\"><\/span><\/div>[\/vc_column][\/vc_row][vc_row][vc_column el_class=&#8221;camps-title&#8221;][vc_empty_space height=&#8221;50px&#8221;][vc_column_text el_class=&#8221;camps-title&#8221;]<\/p>\n<h3 style=\"text-align: center;\">Seleccione la(s) fecha(s) del campamento que funcionan para usted a continuaci\u00f3n<\/h3>\n<p>[\/vc_column_text][\/vc_column][\/vc_row][vc_section][vc_row gap=&#8221;20&#8243;][vc_column width=&#8221;1\/3&#8243;][vc_column_text el_class=&#8221;camps-heading&#8221;]<\/p>\n<h4>Balcones Country Club<\/h4>\n<h4>N 183<\/h4>\n<p>[\/vc_column_text][vc_empty_space height=&#8221;8px&#8221;][vc_row_inner css=&#8221;.vc_custom_1550159082231{background-color: #f2f2f2 !important;border-radius: 5px !important;}&#8221;][vc_column_inner][vc_column_text]<\/p>\n<p style=\"text-align: center;\"><del>Junio 22  a  Junio26<\/del><\/p>\n<p>[\/vc_column_text][vc_btn title=&#8221;CLICK TO REGISTER&#8221; color=&#8221;success&#8221; size=&#8221;xs&#8221; align=&#8221;center&#8221; button_block=&#8221;true&#8221; link=&#8221;url:https%3A%2F%2Fwhizbizkids.com%2Fen%2Fcamp%2F|||rel:nofollow&#8221; css=&#8221;.vc_custom_1592777033724{padding-top: 20px !important;}&#8221;][\/vc_column_inner][\/vc_row_inner][\/vc_column][vc_column width=&#8221;1\/3&#8243;][vc_column_text el_class=&#8221;camps-heading&#8221;]<\/p>\n<h4>Balcones Country Club<\/h4>\n<h4>N 183<\/h4>\n<p>[\/vc_column_text][vc_empty_space height=&#8221;8px&#8221;][vc_row_inner css=&#8221;.vc_custom_1550159060124{background-color: #f2f2f2 !important;border-radius: 5px !important;}&#8221;][vc_column_inner][vc_column_text]<\/p>\n<p style=\"text-align: center;\"><del>Julio 6  a  Julio 10<\/del><\/p>\n<p>[\/vc_column_text][vc_btn title=&#8221;CLICK TO REGISTER&#8221; color=&#8221;success&#8221; size=&#8221;xs&#8221; align=&#8221;center&#8221; button_block=&#8221;true&#8221; link=&#8221;url:https%3A%2F%2Fwhizbizkids.com%2Fen%2Fcamp%2F|||rel:nofollow&#8221; css=&#8221;.vc_custom_1592777046541{padding-top: 20px !important;}&#8221;][\/vc_column_inner][\/vc_row_inner][\/vc_column][vc_column width=&#8221;1\/3&#8243;][vc_column_text el_class=&#8221;camps-heading&#8221;]<\/p>\n<h4>Balcones Country Club<\/h4>\n<h4>N 183<\/h4>\n<p>[\/vc_column_text][vc_empty_space height=&#8221;8px&#8221;][vc_row_inner css=&#8221;.vc_custom_1550159378575{border-radius: 5px !important;}&#8221;][vc_column_inner css=&#8221;.vc_custom_1550159048955{background-color: #f2f2f2 !important;}&#8221;][vc_column_text]<\/p>\n<p style=\"text-align: center;\"><del>Julio 20  a  Julio 24<\/del><\/p>\n<p>[\/vc_column_text][vc_btn title=&#8221;CLICK TO REGISTER&#8221; color=&#8221;success&#8221; size=&#8221;xs&#8221; align=&#8221;center&#8221; button_block=&#8221;true&#8221; link=&#8221;url:https%3A%2F%2Fwhizbizkids.com%2Fen%2Fcamp%2F|||rel:nofollow&#8221; css=&#8221;.vc_custom_1592777065896{padding-top: 20px !important;}&#8221;][\/vc_column_inner][\/vc_row_inner][\/vc_column][\/vc_row][vc_row el_class=&#8221;camps-links&#8221;][vc_column][vc_empty_space height=&#8221;50px&#8221;][vc_row_inner][vc_column_inner width=&#8221;2\/3&#8243;][vc_video link=&#8221;https:\/\/vimeo.com\/215074556&#8243;][\/vc_column_inner][vc_column_inner width=&#8221;1\/3&#8243;][vc_column_text]<\/p>\n<p class=\"gmail_default\"><span style=\"color: #003366;\"><strong>En los campamentos de verano de WhizBizKids brindamos a los ni\u00f1os un lugar fuera del \u00e1mbito escolar y de casa para ambicionar sus sue\u00f1os y desarrollar destrezas para la vida diaria, como, por ejemplo:<\/strong><\/span><\/p>\n<ul>\n<li class=\"gmail_default\"><span style=\"color: #a4a4a4;\">Habilidad para hablar en p\u00fablico. Y abrir una cuenta de ahorros y aprender el valor del dinero y c\u00f3mo invertirlo<\/span><\/li>\n<li class=\"gmail_default\"><span style=\"color: #a4a4a4;\">Ser parte de una comunidad con ni\u00f1os de una mentalidad similar y con mentores solidarios.<\/span><\/li>\n<li class=\"gmail_default\"><span style=\"color: #a4a4a4;\">Desarrollar el sentido del negocio para poder alcanzar sus metas al emprender proyectos empresariales.<\/span><\/li>\n<li class=\"gmail_default\"><span style=\"color: #a4a4a4;\">Recibir consejer\u00eda por parte de mentores exitosos en el \u00e1mbito empresarial, quienes son due\u00f1os de sus propios negocios.<\/span><\/li>\n<li class=\"gmail_default\"><span style=\"color: #a4a4a4;\">Tener acceso a una educaci\u00f3n diversa en temas financieros, de negocios y acerca de la iniciativa empresarial<\/span><\/li>\n<li class=\"gmail_default\"><span style=\"color: #a4a4a4;\">Aprender a asumir responsabilidades, a ser \u00edntegros al tomar decisiones y a mantener su palabra.<\/span><\/li>\n<li class=\"gmail_default\"><span style=\"color: #a4a4a4;\">Ampliar su capacidad de liderazgo, brind\u00e1ndoles a ellos mismo y a otros la oportunidad de destacar por su trabajo.<\/span><\/li>\n<\/ul>\n<p>[\/vc_column_text][vc_empty_space height=&#8221;15px&#8221;][vc_btn title=&#8221;Register for Whiz Biz Kids Camp today!&#8221; color=&#8221;primary&#8221; align=&#8221;center&#8221; i_icon_fontawesome=&#8221;fa fa-calendar-check-o&#8221; button_block=&#8221;true&#8221; add_icon=&#8221;true&#8221; link=&#8221;url:https%3A%2F%2Fwhizbizkids.com%2Fen%2Fcamp%2F||target:%20_blank|&#8221;][\/vc_column_inner][\/vc_row_inner][vc_empty_space height=&#8221;50px&#8221;][vc_column_text]<\/p>\n<h5 dir=\"ltr\" style=\"text-align: center;\"><a href=\"https:\/\/whiz-biz-kids.jumbula.com\/#\/about-us\">Reg\u00edstrate Ahora<\/a> |\u00a0<a href=\"https:\/\/whizbizkids.com\/es\/how-it-works\/\">C\u00f3mo Funciona<\/a> | <a href=\"https:\/\/whizbizkids.com\/es\/what-your-kids-teens-get\/\">Qu\u00e9 obtienen los ni\u00f1os\/adolescentes<\/a> |\u00a0<a href=\"https:\/\/whizbizkids.com\/es\/what-you-the-parents-get\/\">Qu\u00e9 obtienen ustedes, Pap\u00e1s<\/a> |\u00a0<a href=\"https:\/\/whizbizkids.com\/es\/piranha-pit\/\">Piranha Pit<\/a> |\u00a0<a href=\"https:\/\/whizbizkids.com\/es\/frequently-asked-questions\/\">Preguntas Frecuentes<\/a><\/h5>\n<p>[\/vc_column_text][vc_empty_space height=&#8221;30px&#8221;][\/vc_column][\/vc_row][\/vc_section]<\/p>","protected":false},"excerpt":{"rendered":"<p>[vc_row][vc_column][vc_empty_space height=&#8221;20px&#8221;][vc_empty_space height=&#8221;20px&#8221;][vc_row_inner][vc_column_inner width=&#8221;1\/2&#8243;][vc_single_image image=&#8221;8555&#8243; img_size=&#8221;full&#8221;][\/vc_column_inner][vc_column_inner width=&#8221;1\/2&#8243;][vc_column_text]DUE TO THE RECENT COVID-19 SURGE IN CENTRAL TEXAS, WHIZ BIZ KIDS HAS MADE THE DIFFICULT DECISION TO CANCEL ALL CAMPS THIS SUMMER. HOWEVER, WE PLAN ON BEING BACK STRONGER THAN EVER IN 2021! &nbsp; Whiz Biz Kids is committed to the health and well-being of all our campers &#8230;<\/p>","protected":false},"author":1,"featured_media":0,"parent":0,"menu_order":0,"comment_status":"open","ping_status":"open","template":"","meta":[],"_links":{"self":[{"href":"https:\/\/whizbizkids.com\/es\/wp-json\/wp\/v2\/pages\/6971"}],"collection":[{"href":"https:\/\/whizbizkids.com\/es\/wp-json\/wp\/v2\/pages"}],"about":[{"href":"https:\/\/whizbizkids.com\/es\/wp-json\/wp\/v2\/types\/page"}],"author":[{"embeddable":true,"href":"https:\/\/whizbizkids.com\/es\/wp-json\/wp\/v2\/users\/1"}],"replies":[{"embeddable":true,"href":"https:\/\/whizbizkids.com\/es\/wp-json\/wp\/v2\/comments?post=6971"}],"version-history":[{"count":110,"href":"https:\/\/whizbizkids.com\/es\/wp-json\/wp\/v2\/pages\/6971\/revisions"}],"predecessor-version":[{"id":8574,"href":"https:\/\/whizbizkids.com\/es\/wp-json\/wp\/v2\/pages\/6971\/revisions\/8574"}],"wp:attachment":[{"href":"https:\/\/whizbizkids.com\/es\/wp-json\/wp\/v2\/media?parent=6971"}],"curies":[{"name":"wp","href":"https:\/\/api.w.org\/{rel}","templated":true}]}}